{"id":38968,"date":"2025-11-19T19:22:08","date_gmt":"2025-11-19T17:22:08","guid":{"rendered":"https:\/\/pogrebnobandic.com\/blog\/"},"modified":"2025-12-02T23:05:44","modified_gmt":"2025-12-02T21:05:44","slug":"blog","status":"publish","type":"page","link":"https:\/\/pogrebnobandic.com\/sl\/blog\/","title":{"rendered":"Blog"},"content":{"rendered":"<p>[et_pb_section fb_built=&#8221;1&#8243; fullwidth=&#8221;on&#8221; _builder_version=&#8221;4.27.0&#8243; _module_preset=&#8221;default&#8221; global_colors_info=&#8221;{}&#8221;][et_pb_fullwidth_slider _builder_version=&#8221;4.27.4&#8243; _module_preset=&#8221;default&#8221; header_level=&#8221;h1&#8243; header_text_color=&#8221;#FFFFFF&#8221; header_font_size=&#8221;48px&#8221; body_font_size=&#8221;33px&#8221; height=&#8221;450px&#8221; height_tablet=&#8221;280px&#8221; height_phone=&#8221;280px&#8221; height_last_edited=&#8221;on|tablet&#8221; global_colors_info=&#8221;{}&#8221;][et_pb_slide heading=&#8221;Blog&#8221; use_bg_overlay=&#8221;off&#8221; _builder_version=&#8221;4.27.4&#8243; _module_preset=&#8221;default&#8221; header_level=&#8221;h1&#8243; header_font=&#8221;|300|||||||&#8221; body_font_size=&#8221;40px&#8221; background_color=&#8221;rgba(19,32,51,0.25)&#8221; background_enable_color=&#8221;on&#8221; background_image=&#8221;https:\/\/pogrebnobandic.com\/wp-content\/uploads\/2025\/11\/Blog-Pogrebno-Bandic.jpg&#8221; background_enable_image=&#8221;on&#8221; background_blend=&#8221;screen&#8221; background_layout=&#8221;light&#8221; header_font_last_edited=&#8221;off|tablet&#8221; header_font_size_tablet=&#8221;30px&#8221; header_font_size_phone=&#8221;30px&#8221; header_font_size_last_edited=&#8221;on|tablet&#8221; global_colors_info=&#8221;{}&#8221; sticky_transition=&#8221;on&#8221;][\/et_pb_slide][\/et_pb_fullwidth_slider][\/et_pb_section][et_pb_section fb_built=&#8221;1&#8243; _builder_version=&#8221;4.27.4&#8243; _module_preset=&#8221;default&#8221; custom_padding=&#8221;5px||11px|||&#8221; global_colors_info=&#8221;{}&#8221;][et_pb_row _builder_version=&#8221;4.27.4&#8243; _module_preset=&#8221;default&#8221; max_width=&#8221;1274px&#8221; global_colors_info=&#8221;{}&#8221;][et_pb_column type=&#8221;4_4&#8243; _builder_version=&#8221;4.27.4&#8243; _module_preset=&#8221;default&#8221; global_colors_info=&#8221;{}&#8221;][et_pb_text _builder_version=&#8221;4.27.4&#8243; text_font=&#8221;Josefin Sans|300|||||||&#8221; text_text_color=&#8221;#000000&#8243; text_line_height=&#8221;1.8em&#8221; header_font=&#8221;|700|||||||&#8221; header_text_color=&#8221;#000000&#8243; header_font_size=&#8221;35px&#8221; header_line_height=&#8221;1.4em&#8221; header_2_font=&#8221;||||||||&#8221; header_2_text_color=&#8221;#000000&#8243; header_3_font=&#8221;|300|||||||&#8221; header_3_text_color=&#8221;#000000&#8243; header_3_font_size=&#8221;23px&#8221; background_layout=&#8221;dark&#8221; module_alignment=&#8221;left&#8221; custom_margin=&#8221;-12px|||||&#8221; animation_style=&#8221;fade&#8221; text_font_size_tablet=&#8221;&#8221; text_font_size_phone=&#8221;&#8221; text_font_size_last_edited=&#8221;on|phone&#8221; header_font_tablet=&#8221;|700|||||||&#8221; header_font_phone=&#8221;|700|||||||&#8221; header_font_last_edited=&#8221;on|phone&#8221; header_font_size_tablet=&#8221;24px&#8221; header_font_size_phone=&#8221;24px&#8221; header_font_size_last_edited=&#8221;on|phone&#8221; global_colors_info=&#8221;{}&#8221;]<\/p>\n<h2 data-start=\"109\" data-end=\"140\">Podpora v najte\u017ejih trenutkih<\/h2>\n<p data-start=\"142\" data-end=\"292\">Izguba ljubljene osebe prina\u0161a \u010dustveno bole\u010dino in \u0161tevilne odlo\u010ditve, ki jih je te\u017eko sprejeti. V takih trenutkih je pomembno imeti jasne informacije in zanesljivo podporo. <\/p>\n<p data-start=\"294\" data-end=\"626\">Ta blog je namenjen dru\u017einam, ki se soo\u010dajo z izgubo, pa tudi vsem, ki \u017eelijo bolje razumeti teme, povezane z odpu\u0161\u010danjem in pogrebi. Skozi na\u0161a besedila delimo prakti\u010dne nasvete in smernice \u2013 od soo\u010danja z \u017ealovanjem, pogovora o smrti do postopkov v razli\u010dnih dr\u017eavah, kot so <strong>Avstrija, Nem\u010dija, \u0160vica, Hrva\u0161ka, Bosna in Hercegovina ter Srbija &#8230;<\/strong> <\/p>\n<p data-start=\"628\" data-end=\"741\">Na\u0161 cilj je zagotoviti informacije, ki pomagajo v najte\u017ejih trenutkih in olaj\u0161ajo navigacijo po pomembnih procesih.<\/p>\n<p data-start=\"743\" data-end=\"818\"><strong>Prebrskajte na\u0161e \u010dlanke in poi\u0161\u010dite odgovore, ki bi vam lahko bili koristni.<\/strong><\/p>\n<p>[\/et_pb_text][et_pb_blog fullwidth=&#8221;off&#8221; posts_number=&#8221;60&#8243; include_categories=&#8221;current&#8221; excerpt_length=&#8221;105&#8243; show_more=&#8221;on&#8221; show_author=&#8221;off&#8221; _builder_version=&#8221;4.27.4&#8243; _module_preset=&#8221;default&#8221; read_more_font=&#8221;|600|||||||&#8221; hover_enabled=&#8221;0&#8243; global_colors_info=&#8221;{}&#8221; sticky_enabled=&#8221;0&#8243;][\/et_pb_blog][\/et_pb_column][\/et_pb_row][\/et_pb_section]<\/p>\n","protected":false},"excerpt":{"rendered":"<p>Podpora v najte\u017ejih trenutkih Izguba ljubljene osebe prina\u0161a \u010dustveno bole\u010dino in \u0161tevilne odlo\u010ditve, ki jih je te\u017eko sprejeti. V takih trenutkih je pomembno imeti jasne informacije in zanesljivo podporo. Ta blog je namenjen dru\u017einam, ki se soo\u010dajo z izgubo, pa tudi vsem, ki \u017eelijo bolje razumeti teme, povezane z odpu\u0161\u010danjem in pogrebi. Skozi na\u0161a besedila [&hellip;]<\/p>\n","protected":false},"author":6,"featured_media":0,"parent":0,"menu_order":0,"comment_status":"closed","ping_status":"closed","template":"","meta":{"_et_pb_use_builder":"on","_et_pb_old_content":"","_et_gb_content_width":"","footnotes":""},"class_list":["post-38968","page","type-page","status-publish","hentry"],"_links":{"self":[{"href":"https:\/\/pogrebnobandic.com\/sl\/wp-json\/wp\/v2\/pages\/38968","targetHints":{"allow":["GET"]}}],"collection":[{"href":"https:\/\/pogrebnobandic.com\/sl\/wp-json\/wp\/v2\/pages"}],"about":[{"href":"https:\/\/pogrebnobandic.com\/sl\/wp-json\/wp\/v2\/types\/page"}],"author":[{"embeddable":true,"href":"https:\/\/pogrebnobandic.com\/sl\/wp-json\/wp\/v2\/users\/6"}],"replies":[{"embeddable":true,"href":"https:\/\/pogrebnobandic.com\/sl\/wp-json\/wp\/v2\/comments?post=38968"}],"version-history":[{"count":7,"href":"https:\/\/pogrebnobandic.com\/sl\/wp-json\/wp\/v2\/pages\/38968\/revisions"}],"predecessor-version":[{"id":39054,"href":"https:\/\/pogrebnobandic.com\/sl\/wp-json\/wp\/v2\/pages\/38968\/revisions\/39054"}],"wp:attachment":[{"href":"https:\/\/pogrebnobandic.com\/sl\/wp-json\/wp\/v2\/media?parent=38968"}],"curies":[{"name":"wp","href":"https:\/\/api.w.org\/{rel}","templated":true}]}}