{"id":38547,"date":"2025-08-29T21:21:01","date_gmt":"2025-08-29T19:21:01","guid":{"rendered":"https:\/\/projekat-pogrebnobandic.dugl.net\/zakaj-mi\/"},"modified":"2026-04-21T20:41:59","modified_gmt":"2026-04-21T18:41:59","slug":"zakaj-mi","status":"publish","type":"page","link":"https:\/\/pogrebnobandic.com\/sl\/zakaj-mi\/","title":{"rendered":"Zakaj mi?"},"content":{"rendered":"<p>[et_pb_section fb_built=&#8221;1&#8243; fullwidth=&#8221;on&#8221; _builder_version=&#8221;4.27.0&#8243; _module_preset=&#8221;default&#8221; global_colors_info=&#8221;{}&#8221;][et_pb_fullwidth_slider _builder_version=&#8221;4.27.4&#8243; _module_preset=&#8221;default&#8221; header_level=&#8221;h1&#8243; header_text_color=&#8221;#FFFFFF&#8221; header_font_size=&#8221;48px&#8221; body_font_size=&#8221;33px&#8221; height=&#8221;450px&#8221; height_tablet=&#8221;280px&#8221; height_phone=&#8221;280px&#8221; height_last_edited=&#8221;on|tablet&#8221; custom_padding=&#8221;||||false|false&#8221; global_colors_info=&#8221;{}&#8221;][et_pb_slide heading=&#8221;Zakaj mi?&#8221; use_bg_overlay=&#8221;off&#8221; _builder_version=&#8221;4.27.4&#8243; _module_preset=&#8221;default&#8221; header_level=&#8221;h1&#8243; header_font=&#8221;|300|||||||&#8221; body_font_size=&#8221;40px&#8221; background_color=&#8221;rgba(19,32,51,0.25)&#8221; background_enable_color=&#8221;on&#8221; background_image=&#8221;https:\/\/pogrebnobandic.com\/wp-content\/uploads\/2025\/08\/biro-1.jpg&#8221; background_enable_image=&#8221;on&#8221; background_blend=&#8221;screen&#8221; background_layout=&#8221;light&#8221; header_font_last_edited=&#8221;off|tablet&#8221; header_font_size_tablet=&#8221;30px&#8221; header_font_size_phone=&#8221;30px&#8221; header_font_size_last_edited=&#8221;on|tablet&#8221; global_colors_info=&#8221;{}&#8221; sticky_transition=&#8221;on&#8221;][\/et_pb_slide][\/et_pb_fullwidth_slider][\/et_pb_section][et_pb_section fb_built=&#8221;1&#8243; admin_label=&#8221;About Us&#8221; _builder_version=&#8221;4.24.0&#8243; custom_padding=&#8221;15px|0px|0|0px|false|false&#8221; global_colors_info=&#8221;{}&#8221;][et_pb_row _builder_version=&#8221;4.23.1&#8243; max_width=&#8221;1230px&#8221; global_colors_info=&#8221;{}&#8221;][et_pb_column type=&#8221;4_4&#8243; _builder_version=&#8221;4.23.1&#8243; custom_padding=&#8221;|||&#8221; global_colors_info=&#8221;{}&#8221; custom_padding__hover=&#8221;|||&#8221;][et_pb_text _builder_version=&#8221;4.27.5&#8243; text_font=&#8221;||||||||&#8221; text_font_size=&#8221;15px&#8221; text_line_height=&#8221;2em&#8221; ul_font=&#8221;|700|||||||&#8221; ul_line_height=&#8221;2em&#8221; ol_font=&#8221;||||||||&#8221; header_font=&#8221;||||||||&#8221; header_2_font=&#8221;|700|||||||&#8221; header_2_font_size=&#8221;24px&#8221; header_2_line_height=&#8221;1.4em&#8221; header_3_font=&#8221;||||||||&#8221; header_4_font=&#8221;||||||||&#8221; header_5_font=&#8221;|600|||||||&#8221; header_5_font_size=&#8221;23px&#8221; header_6_font=&#8221;||||||||&#8221; header_2_font_size_tablet=&#8221;&#8221; header_2_font_size_phone=&#8221;24px&#8221; header_2_font_size_last_edited=&#8221;on|phone&#8221; global_colors_info=&#8221;{}&#8221;]<\/p>\n<h1 data-start=\"129\" data-end=\"176\">Za\u0161to odabrati Pogrebno Bandi\u0107 \u017dep\u010de<strong>|international Bestattung Bandic<\/strong>?<\/h1>\n<p data-start=\"178\" data-end=\"513\">Dobrodo\u0161li na strani <strong>Pogrebno Bandi\u0107 | mednarodni prevoz Bandi\u0107<\/strong> , va\u0161ega zanesljivega partnerja za mednarodni prevoz pokojnikov.<br data-start=\"297\" data-end=\"300\"> Na\u0161a baza v \u017dep\u010dah, skupaj s sede\u017eem v Mariboru in Gradcu, nam omogo\u010da hitro, varno in profesionalno storitev prevoza pokojnikov iz vse Evrope v Bosno in Hercegovino, Srbijo, Hrva\u0161ko in drugod.<\/p>\n<h2 data-start=\"515\" data-end=\"537\">Zakaj izbrati nas?<\/h2>\n<h3 data-start=\"539\" data-end=\"564\">1. Strate\u0161ka lokacija<\/h3>\n<p data-start=\"565\" data-end=\"822\">Na\u0161a sede\u017ea v Mariboru in Gradcu se nahajata na klju\u010dni lokaciji, ki omogo\u010da hitrej\u0161i in ekonomi\u010dniji prevoz.<br data-start=\"673\" data-end=\"676\"> Medtem ko ve\u010dina pogrebnih agencij odhaja s kraja smrti pokojnika, mi svojo pot za\u010dnemo iz Maribora, kar znatno zmanj\u0161a stro\u0161ke prevoza in \u010das.<\/p>\n<h3 data-start=\"824\" data-end=\"843\">2. Podpora 24\/7<\/h3>\n<p data-start=\"844\" data-end=\"1004\">Na voljo smo 24 ur na dan, 7 dni v tednu, za vsa va\u0161a vpra\u0161anja in nujne primere.<br data-start=\"928\" data-end=\"931\"> Kontaktirate nas lahko kadar koli \u2013 po telefonu ali e-po\u0161ti.<\/p>\n<h3 data-start=\"1006\" data-end=\"1029\">3. Popolna storitev<\/h3>\n<ul data-start=\"1030\" data-end=\"1210\">\n<li data-start=\"1030\" data-end=\"1114\">\n<p data-start=\"1032\" data-end=\"1114\">Uredimo vse potrebne dokumente in dovoljenja za mednarodni prevoz pokojnika.<\/p>\n<\/li>\n<li data-start=\"1115\" data-end=\"1210\">\n<p data-start=\"1117\" data-end=\"1210\">Zagotavljamo hermeti\u010dno zaprto krsto, pripravo telesa in prevoz brez skritih stro\u0161kov.<\/p>\n<\/li>\n<\/ul>\n<h3 data-start=\"1212\" data-end=\"1245\">4. Izku\u0161nje in profesionalnost<\/h3>\n<ul data-start=\"1246\" data-end=\"1448\">\n<li data-start=\"1246\" data-end=\"1307\">\n<p data-start=\"1248\" data-end=\"1307\">Dolgoletne izku\u0161nje z mednarodnim prevozom pokojnikov.<\/p>\n<\/li>\n<li data-start=\"1308\" data-end=\"1365\">\n<p data-start=\"1310\" data-end=\"1365\">Diskretnost, empatija in spo\u0161tovanje so na\u0161e prioritete.<\/p>\n<\/li>\n<li data-start=\"1366\" data-end=\"1448\">\n<p data-start=\"1368\" data-end=\"1448\">Na\u0161a ekipa dela po najvi\u0161jih standardih, s poudarkom na dostojanstvu in varnosti.<\/p>\n<\/li>\n<\/ul>\n<h2 data-start=\"1455\" data-end=\"1469\">Na\u0161e storitve<\/h2>\n<h3 data-start=\"1471\" data-end=\"1505\">Mednarodni prevoz pokojnika<\/h3>\n<p data-start=\"1506\" data-end=\"1693\">Pokrivamo vso Evropo, s posebnim poudarkom na Avstriji, Nem\u010diji, Italiji, Sloveniji in Hrva\u0161ki.<br data-start=\"1603\" data-end=\"1606\"> Organiziramo prevoze v Bosno in Hercegovino, Srbijo, Hrva\u0161ko in druge dr\u017eave.<\/p>\n<h3 data-start=\"1695\" data-end=\"1712\">Dokumentacija<\/h3>\n<ul data-start=\"1713\" data-end=\"1864\">\n<li data-start=\"1713\" data-end=\"1762\">\n<p data-start=\"1715\" data-end=\"1762\">Dovoljenje za prevoz pokojnika (Leichenpass).<\/p>\n<\/li>\n<li data-start=\"1763\" data-end=\"1796\">\n<p data-start=\"1765\" data-end=\"1796\">Prevajanje in overjanje dokumentov.<\/p>\n<\/li>\n<li data-start=\"1797\" data-end=\"1864\">\n<p data-start=\"1799\" data-end=\"1864\">Organizacija vse dokumentacije <strong data-start=\"1836\" data-end=\"1861\">brez dodatnih stro\u0161kov<\/strong> .<\/p>\n<\/li>\n<\/ul>\n<h3 data-start=\"1866\" data-end=\"1885\">Priprava telesa<\/h3>\n<ul data-start=\"1886\" data-end=\"1958\">\n<li data-start=\"1886\" data-end=\"1907\">\n<p data-start=\"1888\" data-end=\"1907\">Sanitarna obdelava.<\/p>\n<\/li>\n<li data-start=\"1908\" data-end=\"1958\">\n<p data-start=\"1910\" data-end=\"1958\">Hermeti\u010dno zapiranje zaboja v skladu s predpisi.<\/p>\n<\/li>\n<\/ul>\n<h3 data-start=\"1960\" data-end=\"1971\">\u0160katle<\/h3>\n<ul data-start=\"1972\" data-end=\"2043\">\n<li data-start=\"1972\" data-end=\"2043\">\n<p data-start=\"1974\" data-end=\"2043\">Standardni plo\u010devinasti in leseni zaboji so vklju\u010deni v ceno po\u0161iljanja.<\/p>\n<\/li>\n<\/ul>\n<h3 data-start=\"2045\" data-end=\"2056\">Podpora<\/h3>\n<ul data-start=\"2057\" data-end=\"2127\">\n<li data-start=\"2057\" data-end=\"2127\">\n<p data-start=\"2059\" data-end=\"2127\">Na\u0161a ekipa je na voljo 24 ur na dan, 7 dni v tednu za vsa vpra\u0161anja in nujne primere.<\/p>\n<\/li>\n<\/ul>\n<h2 data-start=\"2134\" data-end=\"2149\">Kako delamo?<\/h2>\n<p data-start=\"2154\" data-end=\"2301\"><strong data-start=\"2154\" data-end=\"2175\">1. Kontaktirajte nas<\/strong><br data-start=\"2175\" data-end=\"2178\"> Dosegljivi smo po telefonu ali elektronski po\u0161ti. Na\u0161a ekipa vam bo posredovala vse potrebne informacije in vas vodila skozi celoten postopek. <\/p>\n<p data-start=\"2306\" data-end=\"2481\"><strong data-start=\"2306\" data-end=\"2330\">2. Na\u010drtovanje prometa<\/strong><br data-start=\"2330\" data-end=\"2333\"> Na\u0161a baza v Mariboru in Gradcu omogo\u010da hitrej\u0161o in ugodnej\u0161o organizacijo prevoza.<br data-start=\"2414\" data-end=\"2417\"> Stro\u0161ki se obra\u010dunavajo iz Maribora, kar zmanj\u0161uje skupne odhodke.<\/p>\n<p data-start=\"2486\" data-end=\"2625\"><strong data-start=\"2486\" data-end=\"2521\">3. Priprava teles in dokumentacije<\/strong><br data-start=\"2521\" data-end=\"2524\"> Poskrbimo za vse podrobnosti &#8211; od obdelave in priprave telesa, do pridobitve in overitve potrebnih dovoljenj.<\/p>\n<p data-start=\"2630\" data-end=\"2757\"><strong data-start=\"2630\" data-end=\"2650\">4. Varen prevoz<\/strong><br data-start=\"2650\" data-end=\"2653\"> Uporabljamo specializirana pogrebna vozila, ki ustrezajo vsem mednarodnim standardom in zakonskim predpisom.<\/p>\n<h2 data-start=\"2764\" data-end=\"2774\">Kontakt<\/h2>\n<p data-start=\"2776\" data-end=\"2920\"><strong data-start=\"2776\" data-end=\"2809\">Pogrebno dru\u0161tvo Bandi\u0107 <\/strong><br data-start=\"2809\" data-end=\"2812\">\ud83d\udccd Prva bb, 72230 \u017dep\u010de, Bosna i Hercegovina<br data-start=\"2856\" data-end=\"2859\">\ud83d\udcde BiH +387 63 938 330 (Viber i Whatsapp)<br \/>\ud83d\udcdeAT \u202a+43 667 334 7474\u202c (Viber i Whatsapp)<br \/>\ud83d\udcdeSLO \u202a+386 71 575 783\u202c<br data-start=\"2882\" data-end=\"2885\">\ud83d\udce7 Email: <a data-start=\"2895\" data-end=\"2918\" class=\"decorated-link cursor-pointer\" rel=\"noopener\">info@pogrebnobandic.com<\/a><\/p>\n<p>[\/et_pb_text][\/et_pb_column][\/et_pb_row][\/et_pb_section][et_pb_section fb_built=&#8221;1&#8243; _builder_version=&#8221;4.27.0&#8243; background_color=&#8221;#FFFFFF&#8221; saved_tabs=&#8221;all&#8221; global_colors_info=&#8221;{}&#8221;][et_pb_row _builder_version=&#8221;4.27.0&#8243; _module_preset=&#8221;default&#8221; max_width=&#8221;1280px&#8221; custom_margin=&#8221;-34px||||false|false&#8221; global_colors_info=&#8221;{}&#8221; width__hover_enabled=&#8221;on|desktop&#8221;][et_pb_column type=&#8221;4_4&#8243; _builder_version=&#8221;4.18.0&#8243; _module_preset=&#8221;default&#8221; global_colors_info=&#8221;{}&#8221;][et_pb_gallery gallery_ids=&#8221;39632,37915,38083,38085,38088,37905,39634,39636,39638,39839,39841,39843,39845,39847,39849,39851,39853,39855,39861,39859,39857,39863,39865,39867,39869,39871,39628,39624,39618,39616,39614,39612,39606,39604,39602,38794&#8243; posts_number=&#8221;28&#8243; show_title_and_caption=&#8221;off&#8221; show_pagination=&#8221;off&#8221; hover_overlay_color=&#8221;rgba(255,255,255,0.32)&#8221; _builder_version=&#8221;4.27.6&#8243; _module_preset=&#8221;default&#8221; hover_enabled=&#8221;0&#8243; global_colors_info=&#8221;{}&#8221; sticky_enabled=&#8221;0&#8243;][\/et_pb_gallery][\/et_pb_column][\/et_pb_row][\/et_pb_section]<\/p>\n","protected":false},"excerpt":{"rendered":"<p>Za\u0161to odabrati Pogrebno Bandi\u0107 \u017dep\u010de|international Bestattung Bandic? Dobrodo\u0161li na strani Pogrebno Bandi\u0107 | mednarodni prevoz Bandi\u0107 , va\u0161ega zanesljivega partnerja za mednarodni prevoz pokojnikov. Na\u0161a baza v \u017dep\u010dah, skupaj s sede\u017eem v Mariboru in Gradcu, nam omogo\u010da hitro, varno in profesionalno storitev prevoza pokojnikov iz vse Evrope v Bosno in Hercegovino, Srbijo, Hrva\u0161ko in drugod. [&hellip;]<\/p>\n","protected":false},"author":6,"featured_media":0,"parent":0,"menu_order":0,"comment_status":"closed","ping_status":"closed","template":"","meta":{"_et_pb_use_builder":"on","_et_pb_old_content":"","_et_gb_content_width":"","footnotes":""},"class_list":["post-38547","page","type-page","status-publish","hentry"],"_links":{"self":[{"href":"https:\/\/pogrebnobandic.com\/sl\/wp-json\/wp\/v2\/pages\/38547","targetHints":{"allow":["GET"]}}],"collection":[{"href":"https:\/\/pogrebnobandic.com\/sl\/wp-json\/wp\/v2\/pages"}],"about":[{"href":"https:\/\/pogrebnobandic.com\/sl\/wp-json\/wp\/v2\/types\/page"}],"author":[{"embeddable":true,"href":"https:\/\/pogrebnobandic.com\/sl\/wp-json\/wp\/v2\/users\/6"}],"replies":[{"embeddable":true,"href":"https:\/\/pogrebnobandic.com\/sl\/wp-json\/wp\/v2\/comments?post=38547"}],"version-history":[{"count":18,"href":"https:\/\/pogrebnobandic.com\/sl\/wp-json\/wp\/v2\/pages\/38547\/revisions"}],"predecessor-version":[{"id":39946,"href":"https:\/\/pogrebnobandic.com\/sl\/wp-json\/wp\/v2\/pages\/38547\/revisions\/39946"}],"wp:attachment":[{"href":"https:\/\/pogrebnobandic.com\/sl\/wp-json\/wp\/v2\/media?parent=38547"}],"curies":[{"name":"wp","href":"https:\/\/api.w.org\/{rel}","templated":true}]}}