{"id":38541,"date":"2025-08-30T07:16:59","date_gmt":"2025-08-30T05:16:59","guid":{"rendered":"https:\/\/projekat-pogrebnobandic.dugl.net\/prevoz-pokojnika-iz-srbije-v-bosno-in-hercegovino\/"},"modified":"2026-02-08T15:41:15","modified_gmt":"2026-02-08T13:41:15","slug":"prevoz-pokojnika-iz-srbije-v-bosno-in-hercegovino","status":"publish","type":"page","link":"https:\/\/pogrebnobandic.com\/sl\/prevoz-pokojnika-iz-srbije-v-bosno-in-hercegovino\/","title":{"rendered":"Prevoz pokojnika iz Srbije v Bosno in Hercegovino"},"content":{"rendered":"<p>[et_pb_section fb_built=&#8221;1&#8243; fullwidth=&#8221;on&#8221; _builder_version=&#8221;4.27.0&#8243; _module_preset=&#8221;default&#8221; global_colors_info=&#8221;{}&#8221;][et_pb_fullwidth_slider _builder_version=&#8221;4.27.4&#8243; _module_preset=&#8221;default&#8221; header_level=&#8221;h1&#8243; header_text_color=&#8221;#FFFFFF&#8221; header_font_size=&#8221;48px&#8221; body_font_size=&#8221;33px&#8221; height=&#8221;450px&#8221; height_tablet=&#8221;280px&#8221; height_phone=&#8221;280px&#8221; height_last_edited=&#8221;on|tablet&#8221; custom_padding=&#8221;||||false|false&#8221; global_colors_info=&#8221;{}&#8221;][et_pb_slide heading=&#8221;Prevoz pokojnika iz Srbije v Bosno in Hercegovino&#8221; button_link=&#8221;tel:+38765649326&#8243; use_bg_overlay=&#8221;off&#8221; _builder_version=&#8221;4.27.4&#8243; _module_preset=&#8221;default&#8221; header_level=&#8221;h1&#8243; header_font=&#8221;|300|||||||&#8221; body_font_size=&#8221;40px&#8221; background_color=&#8221;rgba(19,32,51,0.25)&#8221; background_enable_color=&#8221;on&#8221; background_image=&#8221;https:\/\/pogrebnobandic.com\/wp-content\/uploads\/2025\/08\/Prijevoz-pokojnika-2.jpg&#8221; background_enable_image=&#8221;on&#8221; background_blend=&#8221;screen&#8221; background_layout=&#8221;light&#8221; header_font_last_edited=&#8221;off|tablet&#8221; header_font_size_tablet=&#8221;30px&#8221; header_font_size_phone=&#8221;30px&#8221; header_font_size_last_edited=&#8221;on|tablet&#8221; global_colors_info=&#8221;{}&#8221; sticky_transition=&#8221;on&#8221;][\/et_pb_slide][\/et_pb_fullwidth_slider][\/et_pb_section][et_pb_section fb_built=&#8221;1&#8243; admin_label=&#8221;About Us&#8221; _builder_version=&#8221;4.24.0&#8243; custom_padding=&#8221;15px|0px|0|0px|false|false&#8221; global_colors_info=&#8221;{}&#8221;][et_pb_row _builder_version=&#8221;4.23.1&#8243; max_width=&#8221;1230px&#8221; global_colors_info=&#8221;{}&#8221;][et_pb_column type=&#8221;4_4&#8243; _builder_version=&#8221;4.23.1&#8243; custom_padding=&#8221;|||&#8221; global_colors_info=&#8221;{}&#8221; custom_padding__hover=&#8221;|||&#8221;][et_pb_text _builder_version=&#8221;4.27.5&#8243; text_font=&#8221;||||||||&#8221; text_font_size=&#8221;15px&#8221; text_line_height=&#8221;2em&#8221; ul_font=&#8221;|700|||||||&#8221; ul_line_height=&#8221;2em&#8221; ol_font=&#8221;||||||||&#8221; header_font=&#8221;||||||||&#8221; header_2_font=&#8221;|700|||||||&#8221; header_2_font_size=&#8221;24px&#8221; header_2_line_height=&#8221;1.4em&#8221; header_3_font=&#8221;||||||||&#8221; header_4_font=&#8221;||||||||&#8221; header_5_font=&#8221;|600|||||||&#8221; header_5_font_size=&#8221;23px&#8221; header_6_font=&#8221;||||||||&#8221; hover_enabled=&#8221;0&#8243; header_2_font_size_tablet=&#8221;&#8221; header_2_font_size_phone=&#8221;24px&#8221; header_2_font_size_last_edited=&#8221;on|phone&#8221; global_colors_info=&#8221;{}&#8221; sticky_enabled=&#8221;0&#8243;]<\/p>\n<h2 data-start=\"115\" data-end=\"153\">Prevoz pokojnika iz Srbije v Bosno in Hercegovino<\/h2>\n<p data-start=\"155\" data-end=\"479\"><strong>Pogrebno Bandi\u0107 | mednarodno podjetje za prevoz pokojnikov Bandi\u0107<\/strong> organizira prevoz pokojnikov iz Srbije v Bosno in Hercegovino s popolno profesionalno podporo, diskretnostjo in prevzemom vseh administrativnih postopkov. Na\u0161e poslanstvo je zagotoviti <strong data-start=\"369\" data-end=\"426\">dostojanstveno in varno vrnitev pokojnikov v domovino<\/strong> , hkrati pa dru\u017einam \u010dim bolj olaj\u0161ati formalnosti. <\/p>\n<h2 data-start=\"486\" data-end=\"532\">Kaj je potrebno \u2013 pravila in dokumentacija<\/h2>\n<p data-start=\"534\" data-end=\"711\">Za vnos posmrtnih ostankov v Bosno in Hercegovino je obvezno <strong data-start=\"594\" data-end=\"613\">pogrebno potrdilo BiH,<\/strong> ki ga izda diplomatsko-konzularno predstavni\u0161tvo BiH v Srbiji (npr. veleposlani\u0161tvo BiH v Beogradu).<\/p>\n<p data-start=\"713\" data-end=\"755\">Zahtevana dokumentacija obi\u010dajno vklju\u010duje:<\/p>\n<ul data-start=\"756\" data-end=\"1145\">\n<li data-start=\"756\" data-end=\"798\">\n<p data-start=\"758\" data-end=\"798\">Srbski mrli\u0161ki list,<\/p>\n<\/li>\n<li data-start=\"799\" data-end=\"830\">\n<p data-start=\"801\" data-end=\"830\">zdravni\u0161ko potrdilo o smrti,<\/p>\n<\/li>\n<li data-start=\"831\" data-end=\"909\">\n<p data-start=\"833\" data-end=\"909\">dovoljenje Republike Srbije za izvoz posmrtnih ostankov (srbski pogrebni list),<\/p>\n<\/li>\n<li data-start=\"910\" data-end=\"966\">\n<p data-start=\"912\" data-end=\"966\">potrdilo o sanitarni obdelavi in \u200b\u200bzapiranju zabojev,<\/p>\n<\/li>\n<li data-start=\"967\" data-end=\"1008\">\n<p data-start=\"969\" data-end=\"1008\">identifikacijski dokumenti pokojnika,<\/p>\n<\/li>\n<li data-start=\"1009\" data-end=\"1064\">\n<p data-start=\"1011\" data-end=\"1064\">podatke o vozilu in vozniku, ki opravlja prevoz,<\/p>\n<\/li>\n<li data-start=\"1065\" data-end=\"1145\">\n<p data-start=\"1067\" data-end=\"1145\">potrdilo o zavarovanem kraju pokopa v Bosni in Hercegovini (\u010de pokojnik ni dr\u017eavljan Bosne in Hercegovine).<\/p>\n<\/li>\n<\/ul>\n<p data-start=\"1147\" data-end=\"1262\">\ud83d\udc49 Ve\u010d informacij je na voljo na <a data-start=\"1182\" data-end=\"1259\" rel=\"noopener\" target=\"_blank\" href=\"https:\/\/mvp.gov.ba\/default.aspx?template_id=43&amp;pageIndex=1\">uradni spletni strani Ministrstva za zunanje zadeve Bosne in Hercegovine<span aria-hidden=\"true\" class=\"ms-0.5 inline-block align-middle leading-none\"><svg width=\"20\" height=\"20\" viewbox=\"0 0 20 20\" fill=\"currentColor\" data-rtl-flip=\"\" class=\"block h-[0.75em] w-[0.75em] stroke-current stroke-[0.75]\"><path d=\"M14.3349 13.3301V6.60645L5.47065 15.4707C5.21095 15.7304 4.78895 15.7304 4.52925 15.4707C4.26955 15.211 4.26955 14.789 4.52925 14.5293L13.3935 5.66504H6.66011C6.29284 5.66504 5.99507 5.36727 5.99507 5C5.99507 4.63273 6.29284 4.33496 6.66011 4.33496H14.9999L15.1337 4.34863C15.4369 4.41057 15.665 4.67857 15.665 5V13.3301C15.6649 13.6973 15.3672 13.9951 14.9999 13.9951C14.6327 13.9951 14.335 13.6973 14.3349 13.3301Z\"><comment><\/comment><\/svg><\/span><\/a> .<\/p>\n<h2 data-start=\"1269\" data-end=\"1295\">Na\u0161e storitve vklju\u010dujejo<\/h2>\n<ul data-start=\"1297\" data-end=\"1711\">\n<li data-start=\"1297\" data-end=\"1383\">\n<p data-start=\"1299\" data-end=\"1383\">Celovita ureditev dokumentacije in dovoljenj za prevoz pokojnika iz Srbije v Bosno in Hercegovino<\/p>\n<\/li>\n<li data-start=\"1384\" data-end=\"1468\">\n<p data-start=\"1386\" data-end=\"1468\">Sanitarna obdelava in hermeti\u010dno zapiranje zabojev po mednarodnih standardih<\/p>\n<\/li>\n<li data-start=\"1469\" data-end=\"1567\">\n<p data-start=\"1471\" data-end=\"1567\">Prevzem umrlih oseb iz bolni\u0161nic, domov za ostarele, ustanov ali dru\u017einskih domov v Srbiji<\/p>\n<\/li>\n<li data-start=\"1568\" data-end=\"1624\">\n<p data-start=\"1570\" data-end=\"1624\">Usklajevanje s pristojnimi srbskimi in bosansko-hercegovskimi institucijami <\/p>\n<\/li>\n<li data-start=\"1625\" data-end=\"1674\">\n<p data-start=\"1627\" data-end=\"1674\">Transparentne cene \u2013 brez skritih stro\u0161kov<\/p>\n<\/li>\n<li data-start=\"1675\" data-end=\"1711\">\n<p data-start=\"1677\" data-end=\"1711\">Dosegljivost <strong data-start=\"1688\" data-end=\"1696\">24 ur na dan, 7 dni v tednu<\/strong> za vsa povpra\u0161evanja<\/p>\n<\/li>\n<\/ul>\n<p data-start=\"1713\" data-end=\"1834\">\ud83d\udce9 Za povpra\u0161evanja in dodatne informacije obi\u0161\u010dite na\u0161o <a data-start=\"1762\" data-end=\"1831\" class=\"decorated-link\" href=\"https:\/\/pogrebnobandic.com\/sl\/kontakt\/\">kontaktno stran<span aria-hidden=\"true\" class=\"ms-0.5 inline-block align-middle leading-none\"><svg width=\"20\" height=\"20\" viewbox=\"0 0 20 20\" fill=\"currentColor\" data-rtl-flip=\"\" class=\"block h-[0.75em] w-[0.75em] stroke-current stroke-[0.75]\"><path d=\"M14.3349 13.3301V6.60645L5.47065 15.4707C5.21095 15.7304 4.78895 15.7304 4.52925 15.4707C4.26955 15.211 4.26955 14.789 4.52925 14.5293L13.3935 5.66504H6.66011C6.29284 5.66504 5.99507 5.36727 5.99507 5C5.99507 4.63273 6.29284 4.33496 6.66011 4.33496H14.9999L15.1337 4.34863C15.4369 4.41057 15.665 4.67857 15.665 5V13.3301C15.6649 13.6973 15.3672 13.9951 14.9999 13.9951C14.6327 13.9951 14.335 13.6973 14.3349 13.3301Z\"><comment><\/comment><\/svg><\/span><\/a> .<\/p>\n<h2 data-start=\"1841\" data-end=\"1859\">Na\u0161a prednost<\/h2>\n<p data-start=\"1861\" data-end=\"2153\">Z ekipami in vozili v <strong data-start=\"1882\" data-end=\"1897\">\u017dep\u010dah (Bosna in Hercegovina)<\/strong> in blizu meje s Srbijo zagotavljamo <strong data-start=\"1940\" data-end=\"1980\">hitrej\u0161i in cenovno ugodnej\u0161i prevoz pokojnikov<\/strong> . Zahvaljujo\u010d na\u0161i strate\u0161ki lokaciji se lahko odzovemo v najkraj\u0161em mo\u017enem \u010dasu in zmanj\u0161amo stro\u0161ke prevoza, dru\u017einam pa zagotavljamo varnost in strokovno podporo skozi celoten postopek. <\/p>\n<p>[\/et_pb_text][\/et_pb_column][\/et_pb_row][\/et_pb_section]<\/p>\n","protected":false},"excerpt":{"rendered":"<p>Prevoz pokojnika iz Srbije v Bosno in Hercegovino Pogrebno Bandi\u0107 | mednarodno podjetje za prevoz pokojnikov Bandi\u0107 organizira prevoz pokojnikov iz Srbije v Bosno in Hercegovino s popolno profesionalno podporo, diskretnostjo in prevzemom vseh administrativnih postopkov. Na\u0161e poslanstvo je zagotoviti dostojanstveno in varno vrnitev pokojnikov v domovino , hkrati pa dru\u017einam \u010dim bolj olaj\u0161ati formalnosti. [&hellip;]<\/p>\n","protected":false},"author":6,"featured_media":0,"parent":0,"menu_order":0,"comment_status":"closed","ping_status":"closed","template":"","meta":{"_et_pb_use_builder":"on","_et_pb_old_content":"","_et_gb_content_width":"","footnotes":""},"class_list":["post-38541","page","type-page","status-publish","hentry"],"_links":{"self":[{"href":"https:\/\/pogrebnobandic.com\/sl\/wp-json\/wp\/v2\/pages\/38541","targetHints":{"allow":["GET"]}}],"collection":[{"href":"https:\/\/pogrebnobandic.com\/sl\/wp-json\/wp\/v2\/pages"}],"about":[{"href":"https:\/\/pogrebnobandic.com\/sl\/wp-json\/wp\/v2\/types\/page"}],"author":[{"embeddable":true,"href":"https:\/\/pogrebnobandic.com\/sl\/wp-json\/wp\/v2\/users\/6"}],"replies":[{"embeddable":true,"href":"https:\/\/pogrebnobandic.com\/sl\/wp-json\/wp\/v2\/comments?post=38541"}],"version-history":[{"count":6,"href":"https:\/\/pogrebnobandic.com\/sl\/wp-json\/wp\/v2\/pages\/38541\/revisions"}],"predecessor-version":[{"id":39552,"href":"https:\/\/pogrebnobandic.com\/sl\/wp-json\/wp\/v2\/pages\/38541\/revisions\/39552"}],"wp:attachment":[{"href":"https:\/\/pogrebnobandic.com\/sl\/wp-json\/wp\/v2\/media?parent=38541"}],"curies":[{"name":"wp","href":"https:\/\/api.w.org\/{rel}","templated":true}]}}