{"id":38538,"date":"2025-08-30T06:59:09","date_gmt":"2025-08-30T04:59:09","guid":{"rendered":"https:\/\/projekat-pogrebnobandic.dugl.net\/prevoz-pokojnika-iz-slovenije-v-bosno-in-hercegovino\/"},"modified":"2025-12-22T23:06:45","modified_gmt":"2025-12-22T21:06:45","slug":"prevoz-pokojnika-iz-slovenije-v-bosno-in-hercegovino","status":"publish","type":"page","link":"https:\/\/pogrebnobandic.com\/sl\/prevoz-pokojnika-iz-slovenije-v-bosno-in-hercegovino\/","title":{"rendered":"Prevoz pokojnika iz Slovenije v Bosno in Hercegovino, Srbijo, Hrva\u0161ko in druge balkanske dr\u017eave"},"content":{"rendered":"<p>[et_pb_section fb_built=&#8221;1&#8243; fullwidth=&#8221;on&#8221; _builder_version=&#8221;4.27.0&#8243; _module_preset=&#8221;default&#8221; global_colors_info=&#8221;{}&#8221;][et_pb_fullwidth_slider _builder_version=&#8221;4.27.5&#8243; _module_preset=&#8221;default&#8221; header_level=&#8221;h1&#8243; header_text_color=&#8221;#FFFFFF&#8221; header_font_size=&#8221;48px&#8221; body_font_size=&#8221;33px&#8221; height=&#8221;450px&#8221; height_tablet=&#8221;280px&#8221; height_phone=&#8221;280px&#8221; height_last_edited=&#8221;on|tablet&#8221; custom_padding=&#8221;||||false|false&#8221; global_colors_info=&#8221;{}&#8221;][et_pb_slide heading=&#8221;Prevoz pokojnika iz Slovenije v Bosno in Hercegovino, Srbijo, Hrva\u0161ko in druge balkanske dr\u017eave&#8221; button_link=&#8221;tel:+38765649326&#8243; use_bg_overlay=&#8221;off&#8221; _builder_version=&#8221;4.27.5&#8243; _module_preset=&#8221;default&#8221; header_level=&#8221;h1&#8243; header_font=&#8221;|300|||||||&#8221; body_font_size=&#8221;40px&#8221; background_color=&#8221;rgba(19,32,51,0.25)&#8221; background_enable_color=&#8221;on&#8221; background_image=&#8221;https:\/\/pogrebnobandic.com\/wp-content\/uploads\/2025\/08\/Prijevoz-pokojnika-2.jpg&#8221; background_enable_image=&#8221;on&#8221; background_blend=&#8221;screen&#8221; background_layout=&#8221;light&#8221; header_font_last_edited=&#8221;off|tablet&#8221; header_font_size_tablet=&#8221;30px&#8221; header_font_size_phone=&#8221;30px&#8221; header_font_size_last_edited=&#8221;on|tablet&#8221; global_colors_info=&#8221;{}&#8221; sticky_transition=&#8221;on&#8221;][\/et_pb_slide][\/et_pb_fullwidth_slider][\/et_pb_section][et_pb_section fb_built=&#8221;1&#8243; admin_label=&#8221;About Us&#8221; _builder_version=&#8221;4.24.0&#8243; custom_padding=&#8221;15px|0px|0|0px|false|false&#8221; global_colors_info=&#8221;{}&#8221;][et_pb_row _builder_version=&#8221;4.23.1&#8243; max_width=&#8221;1230px&#8221; global_colors_info=&#8221;{}&#8221;][et_pb_column type=&#8221;4_4&#8243; _builder_version=&#8221;4.23.1&#8243; custom_padding=&#8221;|||&#8221; global_colors_info=&#8221;{}&#8221; custom_padding__hover=&#8221;|||&#8221;][et_pb_text _builder_version=&#8221;4.27.5&#8243; text_font=&#8221;||||||||&#8221; text_font_size=&#8221;15px&#8221; text_line_height=&#8221;2em&#8221; ul_font=&#8221;|700|||||||&#8221; ul_line_height=&#8221;2em&#8221; ol_font=&#8221;||||||||&#8221; header_font=&#8221;||||||||&#8221; header_2_font=&#8221;|700|||||||&#8221; header_2_font_size=&#8221;24px&#8221; header_2_line_height=&#8221;1.4em&#8221; header_3_font=&#8221;||||||||&#8221; header_4_font=&#8221;||||||||&#8221; header_5_font=&#8221;|600|||||||&#8221; header_5_font_size=&#8221;23px&#8221; header_6_font=&#8221;||||||||&#8221; hover_enabled=&#8221;0&#8243; header_2_font_size_tablet=&#8221;&#8221; header_2_font_size_phone=&#8221;24px&#8221; header_2_font_size_last_edited=&#8221;on|phone&#8221; global_colors_info=&#8221;{}&#8221; sticky_enabled=&#8221;0&#8243;]<\/p>\n<h2 data-start=\"230\" data-end=\"272\">Prevoz pokojnika iz Slovenije v Bosno in Hercegovino, Srbijo, Hrva\u0161ko in druge balkanske dr\u017eave<\/h2>\n<p data-start=\"274\" data-end=\"580\"><strong>Pogrebno Bandi\u0107 | mednarodno podjetje za prevoz pokojnikov Bandi\u0107<\/strong> je specializirano za organizacijo prevoza pokojnikov iz Republike Slovenije v Bosno in Hercegovino, Srbijo, Hrva\u0161ko in druge balkanske dr\u017eave. Na\u0161 cilj je zagotoviti <strong data-start=\"431\" data-end=\"488\">dostojanstveno in varno vrnitev pokojnika v domovino<\/strong> , s popolno strokovno podporo dru\u017eini in prevzemom vseh administrativnih postopkov. <\/p>\n<h3 data-start=\"587\" data-end=\"618\">Registracija smrti v Sloveniji<\/h3>\n<p data-start=\"619\" data-end=\"892\">Po zakonih Republike Slovenije <strong data-start=\"655\" data-end=\"710\">je treba smrt osebe prijaviti v dveh dneh<\/strong> od dneva smrti pristojni <strong data-start=\"736\" data-end=\"757\">upravni enoti<\/strong> na obmo\u010dju, kjer je oseba umrla. Prijavi je treba prilo\u017eiti <strong data-start=\"828\" data-end=\"847\">mrli\u0161ki list,<\/strong> ki ga izda zdravnik, ki je potrdil smrt. <\/p>\n<ul data-start=\"894\" data-end=\"1469\">\n<li data-start=\"894\" data-end=\"1082\">\n<p data-start=\"896\" data-end=\"1082\"><strong data-start=\"896\" data-end=\"944\">Smrt v zdravstvenem zavodu ali ustanovi<\/strong> : dol\u017enost prijave je ustanova sama (bolni\u0161nica, dom za ostarele, kazenski zavod, voja\u0161nica, turisti\u010dni in gostinski objekt itd.).<\/p>\n<\/li>\n<li data-start=\"1083\" data-end=\"1217\">\n<p data-start=\"1085\" data-end=\"1217\"><strong data-start=\"1085\" data-end=\"1121\">Smrt doma ali zunaj ustanove<\/strong> : vlogo vlo\u017ei dru\u017eina, osebe, s katerimi je pokojnik \u017eivel, ali zdravnik, ki je potrdil smrt.<\/p>\n<\/li>\n<li data-start=\"1218\" data-end=\"1354\">\n<p data-start=\"1220\" data-end=\"1354\"><strong data-start=\"1220\" data-end=\"1241\">Smrt v tujini<\/strong> : vpis v centralni register Republike Slovenije na podlagi izpiska iz registra pristojnega tujega organa.<\/p>\n<\/li>\n<li data-start=\"1355\" data-end=\"1469\">\n<p data-start=\"1357\" data-end=\"1469\"><strong data-start=\"1357\" data-end=\"1385\">Razglasitev osebe za umrlo<\/strong> : se izvede prek sodi\u0161\u010da in po pravnomo\u010dni sodbi vpi\u0161e v centralni register.<\/p>\n<\/li>\n<\/ul>\n<p data-start=\"1471\" data-end=\"1652\">\ud83d\udc49 Podrobnej\u0161e informacije najdete na uradni spletni strani <a data-start=\"1534\" data-end=\"1649\" rel=\"noopener\" target=\"_new\" class=\"decorated-link\" href=\"https:\/\/europa.eu\/youreurope\/search-results\/index_en.htm?countryCode=SI&amp;categories=D6\">Evropske unije &#8211; Slovenija<span aria-hidden=\"true\" class=\"ms-0.5 inline-block align-middle leading-none\"><svg width=\"20\" height=\"20\" viewbox=\"0 0 20 20\" fill=\"currentColor\" data-rtl-flip=\"\" class=\"block h-[0.75em] w-[0.75em] stroke-current stroke-[0.75]\"><path d=\"M14.3349 13.3301V6.60645L5.47065 15.4707C5.21095 15.7304 4.78895 15.7304 4.52925 15.4707C4.26955 15.211 4.26955 14.789 4.52925 14.5293L13.3935 5.66504H6.66011C6.29284 5.66504 5.99507 5.36727 5.99507 5C5.99507 4.63273 6.29284 4.33496 6.66011 4.33496H14.9999L15.1337 4.34863C15.4369 4.41057 15.665 4.67857 15.665 5V13.3301C15.6649 13.6973 15.3672 13.9951 14.9999 13.9951C14.6327 13.9951 14.335 13.6973 14.3349 13.3301Z\"><comment><\/comment><\/svg><\/span><\/a> .<\/p>\n<h3 data-start=\"1659\" data-end=\"1686\">Na\u0161e storitve vklju\u010dujejo<\/h3>\n<ul data-start=\"1687\" data-end=\"2119\">\n<li data-start=\"1687\" data-end=\"1778\">\n<p data-start=\"1689\" data-end=\"1778\">Ureditev celotne dokumentacije in dovoljenj za prevoz pokojnika iz Slovenije v Bosno in Hercegovino<\/p>\n<\/li>\n<li data-start=\"1779\" data-end=\"1880\">\n<p data-start=\"1781\" data-end=\"1880\">Prevzem umrlih oseb iz bolni\u0161nic, domov za ostarele, zdravstvenih ustanov ali dru\u017einskih domov<\/p>\n<\/li>\n<li data-start=\"1881\" data-end=\"1965\">\n<p data-start=\"1883\" data-end=\"1965\">Sanitarna obdelava in hermeti\u010dno zapiranje zabojev po mednarodnih standardih<\/p>\n<\/li>\n<li data-start=\"1966\" data-end=\"2022\">\n<p data-start=\"1968\" data-end=\"2022\">Organizacija prevajanja in overitve potrebnih dokumentov<\/p>\n<\/li>\n<li data-start=\"2023\" data-end=\"2072\">\n<p data-start=\"2025\" data-end=\"2072\">Transparentne cene \u2013 brez skritih stro\u0161kov<\/p>\n<\/li>\n<li data-start=\"2073\" data-end=\"2119\">\n<p data-start=\"2075\" data-end=\"2119\"><strong data-start=\"2086\" data-end=\"2094\">24\/7<\/strong> dosegljivost za vse nujne primere<\/p>\n<\/li>\n<\/ul>\n<p data-start=\"2121\" data-end=\"2242\">\ud83d\udce9 Za povpra\u0161evanja in dodatne informacije obi\u0161\u010dite na\u0161o <a data-start=\"2170\" data-end=\"2239\" class=\"decorated-link\" href=\"https:\/\/pogrebnobandic.com\/sl\/kontakt\/\">kontaktno stran<span aria-hidden=\"true\" class=\"ms-0.5 inline-block align-middle leading-none\"><svg width=\"20\" height=\"20\" viewbox=\"0 0 20 20\" fill=\"currentColor\" data-rtl-flip=\"\" class=\"block h-[0.75em] w-[0.75em] stroke-current stroke-[0.75]\"><path d=\"M14.3349 13.3301V6.60645L5.47065 15.4707C5.21095 15.7304 4.78895 15.7304 4.52925 15.4707C4.26955 15.211 4.26955 14.789 4.52925 14.5293L13.3935 5.66504H6.66011C6.29284 5.66504 5.99507 5.36727 5.99507 5C5.99507 4.63273 6.29284 4.33496 6.66011 4.33496H14.9999L15.1337 4.34863C15.4369 4.41057 15.665 4.67857 15.665 5V13.3301C15.6649 13.6973 15.3672 13.9951 14.9999 13.9951C14.6327 13.9951 14.335 13.6973 14.3349 13.3301Z\"><comment><\/comment><\/svg><\/span><\/a> .<\/p>\n<h3 data-start=\"2249\" data-end=\"2274\">Zakaj izbrati nas?<\/h3>\n<p data-start=\"2275\" data-end=\"2586\">Zahvaljujo\u010d lastnim ekipam in vozilom v <strong data-start=\"2320\" data-end=\"2344\">Mariboru (Slovenija)<\/strong> in <strong data-start=\"2347\" data-end=\"2362\">\u017dep\u010dah (Bosna in Hercegovina)<\/strong> zagotavljamo hitrej\u0161o in cenovno ugodnej\u0161o storitev prevoza pokojnikov iz Slovenije v Bosno in Hercegovino. Na ta na\u010din dru\u017eine dosegajo znatne prihranke stro\u0161kov in so prepri\u010dane, da bodo vse formalnosti re\u0161ene pravo\u010dasno. <\/p>\n<p data-start=\"2588\" data-end=\"2806\">\ud83d\udc49 Dodatne uradne informacije o pravilih glede prijave smrti in repatriacije so na voljo na portalu <a data-start=\"2696\" data-end=\"2803\" rel=\"noopener\" target=\"_new\" class=\"decorated-link\" href=\"https:\/\/europa.eu\/youreurope\/citizens\/family\/inheritances\/death-repatriation\/index_en.htm\">Evropske unije<span aria-hidden=\"true\" class=\"ms-0.5 inline-block align-middle leading-none\"><svg width=\"20\" height=\"20\" viewbox=\"0 0 20 20\" fill=\"currentColor\" data-rtl-flip=\"\" class=\"block h-[0.75em] w-[0.75em] stroke-current stroke-[0.75]\"><path d=\"M14.3349 13.3301V6.60645L5.47065 15.4707C5.21095 15.7304 4.78895 15.7304 4.52925 15.4707C4.26955 15.211 4.26955 14.789 4.52925 14.5293L13.3935 5.66504H6.66011C6.29284 5.66504 5.99507 5.36727 5.99507 5C5.99507 4.63273 6.29284 4.33496 6.66011 4.33496H14.9999L15.1337 4.34863C15.4369 4.41057 15.665 4.67857 15.665 5V13.3301C15.6649 13.6973 15.3672 13.9951 14.9999 13.9951C14.6327 13.9951 14.335 13.6973 14.3349 13.3301Z\"><comment><\/comment><\/svg><\/span><\/a> .<\/p>\n<p>[\/et_pb_text][\/et_pb_column][\/et_pb_row][\/et_pb_section]<\/p>\n","protected":false},"excerpt":{"rendered":"<p>Prevoz pokojnika iz Slovenije v Bosno in Hercegovino, Srbijo, Hrva\u0161ko in druge balkanske dr\u017eave Pogrebno Bandi\u0107 | mednarodno podjetje za prevoz pokojnikov Bandi\u0107 je specializirano za organizacijo prevoza pokojnikov iz Republike Slovenije v Bosno in Hercegovino, Srbijo, Hrva\u0161ko in druge balkanske dr\u017eave. Na\u0161 cilj je zagotoviti dostojanstveno in varno vrnitev pokojnika v domovino , s [&hellip;]<\/p>\n","protected":false},"author":6,"featured_media":0,"parent":0,"menu_order":0,"comment_status":"closed","ping_status":"closed","template":"","meta":{"_et_pb_use_builder":"on","_et_pb_old_content":"","_et_gb_content_width":"","footnotes":""},"class_list":["post-38538","page","type-page","status-publish","hentry"],"_links":{"self":[{"href":"https:\/\/pogrebnobandic.com\/sl\/wp-json\/wp\/v2\/pages\/38538","targetHints":{"allow":["GET"]}}],"collection":[{"href":"https:\/\/pogrebnobandic.com\/sl\/wp-json\/wp\/v2\/pages"}],"about":[{"href":"https:\/\/pogrebnobandic.com\/sl\/wp-json\/wp\/v2\/types\/page"}],"author":[{"embeddable":true,"href":"https:\/\/pogrebnobandic.com\/sl\/wp-json\/wp\/v2\/users\/6"}],"replies":[{"embeddable":true,"href":"https:\/\/pogrebnobandic.com\/sl\/wp-json\/wp\/v2\/comments?post=38538"}],"version-history":[{"count":7,"href":"https:\/\/pogrebnobandic.com\/sl\/wp-json\/wp\/v2\/pages\/38538\/revisions"}],"predecessor-version":[{"id":39339,"href":"https:\/\/pogrebnobandic.com\/sl\/wp-json\/wp\/v2\/pages\/38538\/revisions\/39339"}],"wp:attachment":[{"href":"https:\/\/pogrebnobandic.com\/sl\/wp-json\/wp\/v2\/media?parent=38538"}],"curies":[{"name":"wp","href":"https:\/\/api.w.org\/{rel}","templated":true}]}}