{"id":38535,"date":"2025-08-30T07:14:22","date_gmt":"2025-08-30T05:14:22","guid":{"rendered":"https:\/\/projekat-pogrebnobandic.dugl.net\/prevoz-pokojnika-iz-nemcije-v-bosno-in-hercegovino\/"},"modified":"2025-12-22T23:06:16","modified_gmt":"2025-12-22T21:06:16","slug":"prevoz-pokojnika-iz-nemcije-v-bosno-in-hercegovino","status":"publish","type":"page","link":"https:\/\/pogrebnobandic.com\/sl\/prevoz-pokojnika-iz-nemcije-v-bosno-in-hercegovino\/","title":{"rendered":"Prevoz pokojnika iz Nem\u010dije v Bosno in Hercegovino, Srbijo, Hrva\u0161ko in druge balkanske dr\u017eave"},"content":{"rendered":"<p>[et_pb_section fb_built=&#8221;1&#8243; fullwidth=&#8221;on&#8221; _builder_version=&#8221;4.27.0&#8243; _module_preset=&#8221;default&#8221; global_colors_info=&#8221;{}&#8221;][et_pb_fullwidth_slider _builder_version=&#8221;4.27.5&#8243; _module_preset=&#8221;default&#8221; header_level=&#8221;h1&#8243; header_text_color=&#8221;#FFFFFF&#8221; header_font_size=&#8221;48px&#8221; body_font_size=&#8221;33px&#8221; height=&#8221;450px&#8221; height_tablet=&#8221;280px&#8221; height_phone=&#8221;280px&#8221; height_last_edited=&#8221;on|tablet&#8221; custom_padding=&#8221;||||false|false&#8221; hover_enabled=&#8221;0&#8243; global_colors_info=&#8221;{}&#8221; sticky_enabled=&#8221;0&#8243;][et_pb_slide heading=&#8221;Prevoz pokojnika iz Nem\u010dije v Bosno in Hercegovino, Srbijo, Hrva\u0161ko in druge balkanske dr\u017eave&#8221; button_link=&#8221;tel:+38765649326&#8243; use_bg_overlay=&#8221;off&#8221; _builder_version=&#8221;4.27.5&#8243; _module_preset=&#8221;default&#8221; header_level=&#8221;h1&#8243; header_font=&#8221;|300|||||||&#8221; body_font_size=&#8221;40px&#8221; background_color=&#8221;rgba(19,32,51,0.25)&#8221; background_enable_color=&#8221;on&#8221; background_image=&#8221;https:\/\/pogrebnobandic.com\/wp-content\/uploads\/2025\/08\/Prijevoz-pokojnika-2.jpg&#8221; background_enable_image=&#8221;on&#8221; background_blend=&#8221;screen&#8221; background_layout=&#8221;light&#8221; hover_enabled=&#8221;0&#8243; header_font_last_edited=&#8221;off|tablet&#8221; header_font_size_tablet=&#8221;30px&#8221; header_font_size_phone=&#8221;30px&#8221; header_font_size_last_edited=&#8221;on|tablet&#8221; global_colors_info=&#8221;{}&#8221; sticky_transition=&#8221;on&#8221; sticky_enabled=&#8221;0&#8243;][\/et_pb_slide][\/et_pb_fullwidth_slider][\/et_pb_section][et_pb_section fb_built=&#8221;1&#8243; admin_label=&#8221;About Us&#8221; _builder_version=&#8221;4.24.0&#8243; custom_padding=&#8221;15px|0px|0|0px|false|false&#8221; global_colors_info=&#8221;{}&#8221;][et_pb_row _builder_version=&#8221;4.23.1&#8243; max_width=&#8221;1230px&#8221; global_colors_info=&#8221;{}&#8221;][et_pb_column type=&#8221;4_4&#8243; _builder_version=&#8221;4.23.1&#8243; custom_padding=&#8221;|||&#8221; global_colors_info=&#8221;{}&#8221; custom_padding__hover=&#8221;|||&#8221;][et_pb_text _builder_version=&#8221;4.27.5&#8243; text_font=&#8221;||||||||&#8221; text_font_size=&#8221;15px&#8221; text_line_height=&#8221;2em&#8221; ul_font=&#8221;|700|||||||&#8221; ul_line_height=&#8221;2em&#8221; ol_font=&#8221;||||||||&#8221; header_font=&#8221;||||||||&#8221; header_2_font=&#8221;|700|||||||&#8221; header_2_font_size=&#8221;24px&#8221; header_2_line_height=&#8221;1.4em&#8221; header_3_font=&#8221;||||||||&#8221; header_4_font=&#8221;||||||||&#8221; header_5_font=&#8221;|600|||||||&#8221; header_5_font_size=&#8221;23px&#8221; header_6_font=&#8221;||||||||&#8221; hover_enabled=&#8221;0&#8243; header_2_font_size_tablet=&#8221;&#8221; header_2_font_size_phone=&#8221;24px&#8221; header_2_font_size_last_edited=&#8221;on|phone&#8221; global_colors_info=&#8221;{}&#8221; sticky_enabled=&#8221;0&#8243;]<\/p>\n<h2 data-start=\"259\" data-end=\"300\">Prevoz pokojnika iz Nem\u010dije v Bosno in Hercegovino, Srbijo, Hrva\u0161ko in druge balkanske dr\u017eave<\/h2>\n<p data-start=\"302\" data-end=\"646\"><strong>Pogrebno Bandi\u0107 | mednarodno podjetje za prevoz pokojnikov Bandi\u0107<\/strong> je specializirano za organizacijo prevoza pokojnikov iz Nem\u010dije v Bosno in Hercegovino, Srbijo, Hrva\u0161ko in druge balkanske dr\u017eave. Na\u0161 cilj je omogo\u010diti <strong data-start=\"448\" data-end=\"505\">dostojanstveno in varno vrnitev pokojnikov v domovino<\/strong> , s polno podporo dru\u017einam in prevzemom vseh administrativnih postopkov, ki jih zahteva nem\u0161ka in bosanska zakonodaja. <\/p>\n<p data-start=\"648\" data-end=\"847\">\ud83d\udc49 Ve\u010d informacij o pravilih in postopkih je na voljo na <a data-start=\"709\" data-end=\"844\" class=\"decorated-link\" href=\"https:\/\/europa.eu\/youreurope\/search-results\/index_en.htm?countryCode=DE&amp;categories=D6\" target=\"_blank\" rel=\"noopener\">uradni spletni strani Evropske unije &#8211; Nem\u010dija<span aria-hidden=\"true\" class=\"ms-0.5 inline-block align-middle leading-none\"><svg width=\"20\" height=\"20\" viewbox=\"0 0 20 20\" fill=\"currentColor\" xmlns=\"http:\/\/www.w3.org\/2000\/svg\" data-rtl-flip=\"\" class=\"block h-[0.75em] w-[0.75em] stroke-current stroke-[0.75]\"><path d=\"M14.3349 13.3301V6.60645L5.47065 15.4707C5.21095 15.7304 4.78895 15.7304 4.52925 15.4707C4.26955 15.211 4.26955 14.789 4.52925 14.5293L13.3935 5.66504H6.66011C6.29284 5.66504 5.99507 5.36727 5.99507 5C5.99507 4.63273 6.29284 4.33496 6.66011 4.33496H14.9999L15.1337 4.34863C15.4369 4.41057 15.665 4.67857 15.665 5V13.3301C15.6649 13.6973 15.3672 13.9951 14.9999 13.9951C14.6327 13.9951 14.335 13.6973 14.3349 13.3301Z\"><\/path><\/svg><\/span><\/a> .<\/p>\n<h3 data-start=\"854\" data-end=\"894\">Postopki in formalnosti v Nem\u010diji<\/h3>\n<ul data-start=\"896\" data-end=\"2782\">\n<li data-start=\"896\" data-end=\"1075\">\n<p data-start=\"898\" data-end=\"1075\"><strong data-start=\"898\" data-end=\"956\">Prijava smrti kot zasebnik ali pogrebni zavod<\/strong><br data-start=\"956\" data-end=\"959\"> <a data-start=\"961\" data-end=\"1073\" rel=\"noopener\" target=\"_new\" class=\"decorated-link\" href=\"https:\/\/verwaltung.bund.de\/leistungsverzeichnis\/en\/leistung\/99101011261001\">Bundesportal \u2013 Sterbefall anzeigen<span aria-hidden=\"true\" class=\"ms-0.5 inline-block align-middle leading-none\"><svg width=\"20\" height=\"20\" viewbox=\"0 0 20 20\" fill=\"currentColor\" xmlns=\"http:\/\/www.w3.org\/2000\/svg\" data-rtl-flip=\"\" class=\"block h-[0.75em] w-[0.75em] stroke-current stroke-[0.75]\"><path d=\"M14.3349 13.3301V6.60645L5.47065 15.4707C5.21095 15.7304 4.78895 15.7304 4.52925 15.4707C4.26955 15.211 4.26955 14.789 4.52925 14.5293L13.3935 5.66504H6.66011C6.29284 5.66504 5.99507 5.36727 5.99507 5C5.99507 4.63273 6.29284 4.33496 6.66011 4.33496H14.9999L15.1337 4.34863C15.4369 4.41057 15.665 4.67857 15.665 5V13.3301C15.6649 13.6973 15.3672 13.9951 14.9999 13.9951C14.6327 13.9951 14.335 13.6973 14.3349 13.3301Z\"><\/path><\/svg><\/span><\/a><\/p>\n<\/li>\n<li data-start=\"1077\" data-end=\"1276\">\n<p data-start=\"1079\" data-end=\"1276\"><strong data-start=\"1079\" data-end=\"1141\">Registracija smrti kot ustanova (bolni\u0161nica, dom za ostarele itd.)<\/strong><br data-start=\"1141\" data-end=\"1144\"> <a data-start=\"1146\" data-end=\"1274\" rel=\"noopener\" target=\"_blank\" class=\"decorated-link\" href=\"https:\/\/verwaltung.bund.de\/leistungsverzeichnis\/en\/leistung\/99101011261002\">Bundesportal \u2013 Sterbefall als Einrichtung anzeigen<span aria-hidden=\"true\" class=\"ms-0.5 inline-block align-middle leading-none\"><svg width=\"20\" height=\"20\" viewbox=\"0 0 20 20\" fill=\"currentColor\" xmlns=\"http:\/\/www.w3.org\/2000\/svg\" data-rtl-flip=\"\" class=\"block h-[0.75em] w-[0.75em] stroke-current stroke-[0.75]\"><path d=\"M14.3349 13.3301V6.60645L5.47065 15.4707C5.21095 15.7304 4.78895 15.7304 4.52925 15.4707C4.26955 15.211 4.26955 14.789 4.52925 14.5293L13.3935 5.66504H6.66011C6.29284 5.66504 5.99507 5.36727 5.99507 5C5.99507 4.63273 6.29284 4.33496 6.66011 4.33496H14.9999L15.1337 4.34863C15.4369 4.41057 15.665 4.67857 15.665 5V13.3301C15.6649 13.6973 15.3672 13.9951 14.9999 13.9951C14.6327 13.9951 14.335 13.6973 14.3349 13.3301Z\"><\/path><\/svg><\/span><\/a><\/p>\n<\/li>\n<li data-start=\"1278\" data-end=\"1574\">\n<p data-start=\"1280\" data-end=\"1574\"><strong data-start=\"1280\" data-end=\"1327\">Stro\u0161ki repatriacije za zavarovane osebe<\/strong><br data-start=\"1327\" data-end=\"1330\"> \u010ce je bil pokojnik zavarovan v okviru zakonskega nezgodnega zavarovanja, se mu lahko povrnejo stro\u0161ki repatriacije.<br data-start=\"1446\" data-end=\"1449\"> <a data-start=\"1451\" data-end=\"1572\" rel=\"noopener\" target=\"_blank\" class=\"decorated-link\" href=\"https:\/\/verwaltung.bund.de\/leistungsverzeichnis\/en\/leistung\/99111019039000\">Zvezni portal \u2013 Povra\u010dilo stro\u0161kov repatriacije<span aria-hidden=\"true\" class=\"ms-0.5 inline-block align-middle leading-none\"><svg width=\"20\" height=\"20\" viewbox=\"0 0 20 20\" fill=\"currentColor\" xmlns=\"http:\/\/www.w3.org\/2000\/svg\" data-rtl-flip=\"\" class=\"block h-[0.75em] w-[0.75em] stroke-current stroke-[0.75]\"><path d=\"M14.3349 13.3301V6.60645L5.47065 15.4707C5.21095 15.7304 4.78895 15.7304 4.52925 15.4707C4.26955 15.211 4.26955 14.789 4.52925 14.5293L13.3935 5.66504H6.66011C6.29284 5.66504 5.99507 5.36727 5.99507 5C5.99507 4.63273 6.29284 4.33496 6.66011 4.33496H14.9999L15.1337 4.34863C15.4369 4.41057 15.665 4.67857 15.665 5V13.3301C15.6649 13.6973 15.3672 13.9951 14.9999 13.9951C14.6327 13.9951 14.335 13.6973 14.3349 13.3301Z\"><\/path><\/svg><\/span><\/a><\/p>\n<\/li>\n<li data-start=\"1576\" data-end=\"1970\">\n<p data-start=\"1578\" data-end=\"1970\"><strong data-start=\"1578\" data-end=\"1635\">Izdaja nem\u0161kega izpiska iz mati\u010dne knjige ali mrli\u0161kega lista<\/strong><br data-start=\"1635\" data-end=\"1638\"> Za smrt, ki se je zgodila v tujini, se lahko zahteva overjen izpisek ali mrli\u0161ki list.<br data-start=\"1719\" data-end=\"1722\"> <a data-start=\"1724\" data-end=\"1841\" rel=\"noopener\" target=\"_blank\" class=\"decorated-link\" href=\"https:\/\/verwaltung.bund.de\/leistungsverzeichnis\/en\/leistung\/99101004012001\">Bundesportal \u2013 Smrtni list v tujini<span aria-hidden=\"true\" class=\"ms-0.5 inline-block align-middle leading-none\"><svg width=\"20\" height=\"20\" viewbox=\"0 0 20 20\" fill=\"currentColor\" xmlns=\"http:\/\/www.w3.org\/2000\/svg\" data-rtl-flip=\"\" class=\"block h-[0.75em] w-[0.75em] stroke-current stroke-[0.75]\"><path d=\"M14.3349 13.3301V6.60645L5.47065 15.4707C5.21095 15.7304 4.78895 15.7304 4.52925 15.4707C4.26955 15.211 4.26955 14.789 4.52925 14.5293L13.3935 5.66504H6.66011C6.29284 5.66504 5.99507 5.36727 5.99507 5C5.99507 4.63273 6.29284 4.33496 6.66011 4.33496H14.9999L15.1337 4.34863C15.4369 4.41057 15.665 4.67857 15.665 5V13.3301C15.6649 13.6973 15.3672 13.9951 14.9999 13.9951C14.6327 13.9951 14.335 13.6973 14.3349 13.3301Z\"><\/path><\/svg><\/span><\/a><br data-start=\"1841\" data-end=\"1844\"> <a data-start=\"1846\" data-end=\"1968\" rel=\"noopener\" target=\"_blank\" class=\"decorated-link\" href=\"https:\/\/verwaltung.bund.de\/leistungsverzeichnis\/en\/leistung\/99101019012000\">Bundesportal \u2013 Beglaubigten Registerausdruck<span aria-hidden=\"true\" class=\"ms-0.5 inline-block align-middle leading-none\"><svg width=\"20\" height=\"20\" viewbox=\"0 0 20 20\" fill=\"currentColor\" xmlns=\"http:\/\/www.w3.org\/2000\/svg\" data-rtl-flip=\"\" class=\"block h-[0.75em] w-[0.75em] stroke-current stroke-[0.75]\"><path d=\"M14.3349 13.3301V6.60645L5.47065 15.4707C5.21095 15.7304 4.78895 15.7304 4.52925 15.4707C4.26955 15.211 4.26955 14.789 4.52925 14.5293L13.3935 5.66504H6.66011C6.29284 5.66504 5.99507 5.36727 5.99507 5C5.99507 4.63273 6.29284 4.33496 6.66011 4.33496H14.9999L15.1337 4.34863C15.4369 4.41057 15.665 4.67857 15.665 5V13.3301C15.6649 13.6973 15.3672 13.9951 14.9999 13.9951C14.6327 13.9951 14.335 13.6973 14.3349 13.3301Z\"><\/path><\/svg><\/span><\/a><\/p>\n<\/li>\n<li data-start=\"1972\" data-end=\"2134\">\n<p data-start=\"1974\" data-end=\"2134\"><strong data-start=\"1974\" data-end=\"2005\">Pokop v morju (Seebestattung)<\/strong><br data-start=\"2005\" data-end=\"2008\"> <a data-start=\"2010\" data-end=\"2132\" rel=\"noopener\" target=\"_blank\" class=\"decorated-link\" href=\"https:\/\/verwaltung.bund.de\/leistungsverzeichnis\/en\/leistung\/99101002104003\">Bundesportal \u2013 Anmeldung einer Seebestattung<span aria-hidden=\"true\" class=\"ms-0.5 inline-block align-middle leading-none\"><svg width=\"20\" height=\"20\" viewbox=\"0 0 20 20\" fill=\"currentColor\" xmlns=\"http:\/\/www.w3.org\/2000\/svg\" data-rtl-flip=\"\" class=\"block h-[0.75em] w-[0.75em] stroke-current stroke-[0.75]\"><path d=\"M14.3349 13.3301V6.60645L5.47065 15.4707C5.21095 15.7304 4.78895 15.7304 4.52925 15.4707C4.26955 15.211 4.26955 14.789 4.52925 14.5293L13.3935 5.66504H6.66011C6.29284 5.66504 5.99507 5.36727 5.99507 5C5.99507 4.63273 6.29284 4.33496 6.66011 4.33496H14.9999L15.1337 4.34863C15.4369 4.41057 15.665 4.67857 15.665 5V13.3301C15.6649 13.6973 15.3672 13.9951 14.9999 13.9951C14.6327 13.9951 14.335 13.6973 14.3349 13.3301Z\"><\/path><\/svg><\/span><\/a><\/p>\n<\/li>\n<li data-start=\"2136\" data-end=\"2782\">\n<p data-start=\"2138\" data-end=\"2171\"><strong data-start=\"2138\" data-end=\"2169\">Pravice in dovoljenja za pokopali\u0161\u010da<\/strong><\/p>\n<ul data-start=\"2174\" data-end=\"2782\">\n<li data-start=\"2174\" data-end=\"2417\">\n<p data-start=\"2176\" data-end=\"2417\">Pravica do uporabe grobi\u0161\u010da (dodelitev ali prenos): <br data-start=\"2231\" data-end=\"2234\"> <a data-start=\"2238\" data-end=\"2323\" rel=\"noopener\" target=\"_blank\" class=\"decorated-link\" href=\"https:\/\/verwaltung.bund.de\/leistungsverzeichnis\/en\/leistung\/99101001107000\">Glagol<span aria-hidden=\"true\" class=\"ms-0.5 inline-block align-middle leading-none\"><svg width=\"20\" height=\"20\" viewbox=\"0 0 20 20\" fill=\"currentColor\" xmlns=\"http:\/\/www.w3.org\/2000\/svg\" data-rtl-flip=\"\" class=\"block h-[0.75em] w-[0.75em] stroke-current stroke-[0.75]\"><path d=\"M14.3349 13.3301V6.60645L5.47065 15.4707C5.21095 15.7304 4.78895 15.7304 4.52925 15.4707C4.26955 15.211 4.26955 14.789 4.52925 14.5293L13.3935 5.66504H6.66011C6.29284 5.66504 5.99507 5.36727 5.99507 5C5.99507 4.63273 6.29284 4.33496 6.66011 4.33496H14.9999L15.1337 4.34863C15.4369 4.41057 15.665 4.67857 15.665 5V13.3301C15.6649 13.6973 15.3672 13.9951 14.9999 13.9951C14.6327 13.9951 14.335 13.6973 14.3349 13.3301Z\"><\/path><\/svg><\/span><\/a> <a data-start=\"2326\" data-end=\"2415\" rel=\"noopener\" target=\"_blank\" class=\"decorated-link\" href=\"https:\/\/verwaltung.bund.de\/leistungsverzeichnis\/en\/leistung\/99101001038000\">|<span aria-hidden=\"true\" class=\"ms-0.5 inline-block align-middle leading-none\"><svg width=\"20\" height=\"20\" viewbox=\"0 0 20 20\" fill=\"currentColor\" xmlns=\"http:\/\/www.w3.org\/2000\/svg\" data-rtl-flip=\"\" class=\"block h-[0.75em] w-[0.75em] stroke-current stroke-[0.75]\"><path d=\"M14.3349 13.3301V6.60645L5.47065 15.4707C5.21095 15.7304 4.78895 15.7304 4.52925 15.4707C4.26955 15.211 4.26955 14.789 4.52925 14.5293L13.3935 5.66504H6.66011C6.29284 5.66504 5.99507 5.36727 5.99507 5C5.99507 4.63273 6.29284 4.33496 6.66011 4.33496H14.9999L15.1337 4.34863C15.4369 4.41057 15.665 4.67857 15.665 5V13.3301C15.6649 13.6973 15.3672 13.9951 14.9999 13.9951C14.6327 13.9951 14.335 13.6973 14.3349 13.3301Z\"><\/path><\/svg><\/span><\/a><\/p>\n<\/li>\n<li data-start=\"2420\" data-end=\"2590\">\n<p data-start=\"2422\" data-end=\"2590\">Dovoljenja za postavitev ali spremembo spomenikov: <br data-start=\"2468\" data-end=\"2471\"> <a data-start=\"2475\" data-end=\"2588\" rel=\"noopener\" target=\"_blank\" class=\"decorated-link\" href=\"https:\/\/verwaltung.bund.de\/leistungsverzeichnis\/en\/leistung\/99101008001000\">Bundesportal \u2013 Genhemigung Grabmale<span aria-hidden=\"true\" class=\"ms-0.5 inline-block align-middle leading-none\"><svg width=\"20\" height=\"20\" viewbox=\"0 0 20 20\" fill=\"currentColor\" xmlns=\"http:\/\/www.w3.org\/2000\/svg\" data-rtl-flip=\"\" class=\"block h-[0.75em] w-[0.75em] stroke-current stroke-[0.75]\"><path d=\"M14.3349 13.3301V6.60645L5.47065 15.4707C5.21095 15.7304 4.78895 15.7304 4.52925 15.4707C4.26955 15.211 4.26955 14.789 4.52925 14.5293L13.3935 5.66504H6.66011C6.29284 5.66504 5.99507 5.36727 5.99507 5C5.99507 4.63273 6.29284 4.33496 6.66011 4.33496H14.9999L15.1337 4.34863C15.4369 4.41057 15.665 4.67857 15.665 5V13.3301C15.6649 13.6973 15.3672 13.9951 14.9999 13.9951C14.6327 13.9951 14.335 13.6973 14.3349 13.3301Z\"><\/path><\/svg><\/span><\/a><\/p>\n<\/li>\n<li data-start=\"2593\" data-end=\"2782\">\n<p data-start=\"2595\" data-end=\"2782\">Zahteva za skraj\u0161anje ali podalj\u0161anje minimalnega obdobja po\u010ditka po pokopu: <br data-start=\"2672\" data-end=\"2675\"> <a data-start=\"2679\" data-end=\"2780\" rel=\"noopener\" target=\"_blank\" class=\"decorated-link\" href=\"https:\/\/verwaltung.bund.de\/leistungsverzeichnis\/en\/leistung\/99101020276000\">Zvezni portal \u2013 \u010das po\u010ditka<\/a><\/p>\n<\/li>\n<\/ul>\n<ul data-start=\"2174\" data-end=\"2782\"><\/ul>\n<\/li>\n<\/ul>\n<h3 data-start=\"2789\" data-end=\"2816\">Na\u0161e storitve vklju\u010dujejo<\/h3>\n<ul data-start=\"2817\" data-end=\"3240\">\n<li data-start=\"2817\" data-end=\"2907\">\n<p data-start=\"2819\" data-end=\"2907\">Organizacija celotne dokumentacije in dovoljenj za prevoz pokojnika iz Nem\u010dije v Bosno in Hercegovino, Srbijo, Hrva\u0161ko in druge balkanske dr\u017eave<\/p>\n<\/li>\n<li data-start=\"2908\" data-end=\"2992\">\n<p data-start=\"2910\" data-end=\"2992\">Sanitarna obdelava in hermeti\u010dno zapiranje zabojev po mednarodnih standardih<\/p>\n<\/li>\n<li data-start=\"2993\" data-end=\"3081\">\n<p data-start=\"2995\" data-end=\"3081\">Prevzem umrlih oseb iz bolni\u0161nic, domov za ostarele, ustanov ali dru\u017einskih domov<\/p>\n<\/li>\n<li data-start=\"3082\" data-end=\"3153\">\n<p data-start=\"3084\" data-end=\"3153\">Usklajevanje z nem\u0161kimi in bosansko-hercegovskimi institucijami za pospe\u0161itev postopka <\/p>\n<\/li>\n<li data-start=\"3154\" data-end=\"3203\">\n<p data-start=\"3156\" data-end=\"3203\">Transparentne cene \u2013 brez skritih stro\u0161kov<\/p>\n<\/li>\n<li data-start=\"3204\" data-end=\"3240\">\n<p data-start=\"3206\" data-end=\"3240\">Dosegljivost <strong data-start=\"3217\" data-end=\"3225\">24 ur na dan, 7 dni v tednu<\/strong> za vsa povpra\u0161evanja<\/p>\n<\/li>\n<\/ul>\n<p data-start=\"3242\" data-end=\"3363\">\ud83d\udce9 Za povpra\u0161evanja in dodatne informacije obi\u0161\u010dite na\u0161o <a data-start=\"3291\" data-end=\"3360\" class=\"decorated-link\" href=\"https:\/\/pogrebnobandic.com\/sl\/kontakt\/\">kontaktno stran<span aria-hidden=\"true\" class=\"ms-0.5 inline-block align-middle leading-none\"><svg width=\"20\" height=\"20\" viewbox=\"0 0 20 20\" fill=\"currentColor\" xmlns=\"http:\/\/www.w3.org\/2000\/svg\" data-rtl-flip=\"\" class=\"block h-[0.75em] w-[0.75em] stroke-current stroke-[0.75]\"><path d=\"M14.3349 13.3301V6.60645L5.47065 15.4707C5.21095 15.7304 4.78895 15.7304 4.52925 15.4707C4.26955 15.211 4.26955 14.789 4.52925 14.5293L13.3935 5.66504H6.66011C6.29284 5.66504 5.99507 5.36727 5.99507 5C5.99507 4.63273 6.29284 4.33496 6.66011 4.33496H14.9999L15.1337 4.34863C15.4369 4.41057 15.665 4.67857 15.665 5V13.3301C15.6649 13.6973 15.3672 13.9951 14.9999 13.9951C14.6327 13.9951 14.335 13.6973 14.3349 13.3301Z\"><\/path><\/svg><\/span><\/a> .<\/p>\n<h3 data-start=\"3370\" data-end=\"3389\">Na\u0161a prednost<\/h3>\n<p data-start=\"3390\" data-end=\"3722\">Zahvaljujo\u010d lastnim ekipam in vozilom v <strong data-start=\"3435\" data-end=\"3459\">Mariboru (Slovenija)<\/strong> in <strong data-start=\"3462\" data-end=\"3477\">\u017dep\u010dah (Bosna in Hercegovina)<\/strong> omogo\u010damo <strong data-start=\"3491\" data-end=\"3543\">hitrej\u0161i in cenovno ugodnej\u0161i prevoz pokojnikov iz Nem\u010dije<\/strong> v primerjavi s konkurenco, ki odhaja izklju\u010dno iz Bosne in Hercegovine. Na ta na\u010din dru\u017eine dosegajo znatne prihranke in gotovost, da bo celoten postopek izveden pravo\u010dasno in profesionalno. <\/p>\n<p>[\/et_pb_text][\/et_pb_column][\/et_pb_row][\/et_pb_section]<\/p>\n","protected":false},"excerpt":{"rendered":"<p>Prevoz pokojnika iz Nem\u010dije v Bosno in Hercegovino, Srbijo, Hrva\u0161ko in druge balkanske dr\u017eave Pogrebno Bandi\u0107 | mednarodno podjetje za prevoz pokojnikov Bandi\u0107 je specializirano za organizacijo prevoza pokojnikov iz Nem\u010dije v Bosno in Hercegovino, Srbijo, Hrva\u0161ko in druge balkanske dr\u017eave. Na\u0161 cilj je omogo\u010diti dostojanstveno in varno vrnitev pokojnikov v domovino , s polno [&hellip;]<\/p>\n","protected":false},"author":6,"featured_media":0,"parent":0,"menu_order":0,"comment_status":"closed","ping_status":"closed","template":"","meta":{"_et_pb_use_builder":"on","_et_pb_old_content":"","_et_gb_content_width":"","footnotes":""},"class_list":["post-38535","page","type-page","status-publish","hentry"],"_links":{"self":[{"href":"https:\/\/pogrebnobandic.com\/sl\/wp-json\/wp\/v2\/pages\/38535","targetHints":{"allow":["GET"]}}],"collection":[{"href":"https:\/\/pogrebnobandic.com\/sl\/wp-json\/wp\/v2\/pages"}],"about":[{"href":"https:\/\/pogrebnobandic.com\/sl\/wp-json\/wp\/v2\/types\/page"}],"author":[{"embeddable":true,"href":"https:\/\/pogrebnobandic.com\/sl\/wp-json\/wp\/v2\/users\/6"}],"replies":[{"embeddable":true,"href":"https:\/\/pogrebnobandic.com\/sl\/wp-json\/wp\/v2\/comments?post=38535"}],"version-history":[{"count":7,"href":"https:\/\/pogrebnobandic.com\/sl\/wp-json\/wp\/v2\/pages\/38535\/revisions"}],"predecessor-version":[{"id":39336,"href":"https:\/\/pogrebnobandic.com\/sl\/wp-json\/wp\/v2\/pages\/38535\/revisions\/39336"}],"wp:attachment":[{"href":"https:\/\/pogrebnobandic.com\/sl\/wp-json\/wp\/v2\/media?parent=38535"}],"curies":[{"name":"wp","href":"https:\/\/api.w.org\/{rel}","templated":true}]}}