{"id":38511,"date":"2025-08-30T07:13:38","date_gmt":"2025-08-30T05:13:38","guid":{"rendered":"https:\/\/projekat-pogrebnobandic.dugl.net\/prevoz-pokojnika-iz-bosne-in-hercegovine-v-avstrijo\/"},"modified":"2026-02-08T15:36:49","modified_gmt":"2026-02-08T13:36:49","slug":"prevoz-pokojnika-iz-bosne-in-hercegovine-v-avstrijo","status":"publish","type":"page","link":"https:\/\/pogrebnobandic.com\/sl\/prevoz-pokojnika-iz-bosne-in-hercegovine-v-avstrijo\/","title":{"rendered":"Prevoz pokojnika iz Bosne in Hercegovine v Avstrijo"},"content":{"rendered":"<p>[et_pb_section fb_built=&#8221;1&#8243; fullwidth=&#8221;on&#8221; _builder_version=&#8221;4.27.0&#8243; _module_preset=&#8221;default&#8221; global_colors_info=&#8221;{}&#8221;][et_pb_fullwidth_slider _builder_version=&#8221;4.27.4&#8243; _module_preset=&#8221;default&#8221; header_level=&#8221;h1&#8243; header_text_color=&#8221;#FFFFFF&#8221; header_font_size=&#8221;48px&#8221; body_font_size=&#8221;33px&#8221; height=&#8221;450px&#8221; height_tablet=&#8221;280px&#8221; height_phone=&#8221;280px&#8221; height_last_edited=&#8221;on|tablet&#8221; custom_padding=&#8221;||||false|false&#8221; global_colors_info=&#8221;{}&#8221;][et_pb_slide heading=&#8221;Prevoz pokojnika iz Bosne in Hercegovine v Avstrijo&#8221; button_link=&#8221;tel:+38765649326&#8243; use_bg_overlay=&#8221;off&#8221; _builder_version=&#8221;4.27.4&#8243; _module_preset=&#8221;default&#8221; header_level=&#8221;h1&#8243; header_font=&#8221;|300|||||||&#8221; body_font_size=&#8221;40px&#8221; background_color=&#8221;rgba(19,32,51,0.25)&#8221; background_enable_color=&#8221;on&#8221; background_image=&#8221;https:\/\/pogrebnobandic.com\/wp-content\/uploads\/2025\/08\/Prijevoz-pokojnika-2.jpg&#8221; background_enable_image=&#8221;on&#8221; background_blend=&#8221;screen&#8221; background_layout=&#8221;light&#8221; header_font_last_edited=&#8221;off|tablet&#8221; header_font_size_tablet=&#8221;30px&#8221; header_font_size_phone=&#8221;30px&#8221; header_font_size_last_edited=&#8221;on|tablet&#8221; global_colors_info=&#8221;{}&#8221; sticky_transition=&#8221;on&#8221;][\/et_pb_slide][\/et_pb_fullwidth_slider][\/et_pb_section][et_pb_section fb_built=&#8221;1&#8243; admin_label=&#8221;About Us&#8221; _builder_version=&#8221;4.24.0&#8243; custom_padding=&#8221;15px|0px|0|0px|false|false&#8221; global_colors_info=&#8221;{}&#8221;][et_pb_row _builder_version=&#8221;4.23.1&#8243; max_width=&#8221;1230px&#8221; global_colors_info=&#8221;{}&#8221;][et_pb_column type=&#8221;4_4&#8243; _builder_version=&#8221;4.23.1&#8243; custom_padding=&#8221;|||&#8221; global_colors_info=&#8221;{}&#8221; custom_padding__hover=&#8221;|||&#8221;][et_pb_text _builder_version=&#8221;4.27.5&#8243; text_font=&#8221;||||||||&#8221; text_font_size=&#8221;15px&#8221; text_line_height=&#8221;2em&#8221; ul_font=&#8221;|700|||||||&#8221; ul_line_height=&#8221;2em&#8221; ol_font=&#8221;||||||||&#8221; header_font=&#8221;||||||||&#8221; header_2_font=&#8221;|700|||||||&#8221; header_2_font_size=&#8221;24px&#8221; header_2_line_height=&#8221;1.4em&#8221; header_3_font=&#8221;||||||||&#8221; header_4_font=&#8221;||||||||&#8221; header_5_font=&#8221;|600|||||||&#8221; header_5_font_size=&#8221;23px&#8221; header_6_font=&#8221;||||||||&#8221; hover_enabled=&#8221;0&#8243; header_2_font_size_tablet=&#8221;&#8221; header_2_font_size_phone=&#8221;24px&#8221; header_2_font_size_last_edited=&#8221;on|phone&#8221; global_colors_info=&#8221;{}&#8221; sticky_enabled=&#8221;0&#8243;]<\/p>\n<h2 data-start=\"117\" data-end=\"157\">Prevoz pokojnika iz Bosne in Hercegovine v Avstrijo<\/h2>\n<p data-start=\"159\" data-end=\"485\"><strong>Pogreb Bandi\u0107 | mednarodni Bestattung Bandi\u0107<\/strong> organizira prevoz pokojnika iz Bosne in Hercegovine v Avstrijo, s popolno profesionalno podporo, diskretnostjo in prevzemom vseh administrativnih postopkov. Na\u0161 cilj je omogo\u010diti <strong data-start=\"372\" data-end=\"409\">dostojanstven in varen prevoz<\/strong> , da se dru\u017eina v te\u017ekih \u010dasih osvobodi dodatnega bremena. <\/p>\n<h2 data-start=\"492\" data-end=\"538\">Kaj je potrebno \u2013 pravila in dokumentacija<\/h2>\n<p data-start=\"540\" data-end=\"635\">Za vnos posmrtnih ostankov v Republiko Avstrijo je potreben <strong data-start=\"600\" data-end=\"615\">Leichenpass<\/strong> (potni list za trupla).<\/p>\n<ul data-start=\"636\" data-end=\"1204\">\n<li data-start=\"636\" data-end=\"776\">\n<p data-start=\"638\" data-end=\"776\">Ta dokument izda pristojni avstrijski organ (npr. <strong data-start=\"690\" data-end=\"723\">Higienski center MA 15 \u2013 Dunaj<\/strong> ) na podlagi zahteve poobla\u0161\u010denega pogrebnega zavoda.<\/p>\n<\/li>\n<li data-start=\"777\" data-end=\"946\">\n<p data-start=\"779\" data-end=\"946\">\u0160katla s pokojnikom mora biti hermeti\u010dno zaprta in zape\u010datena po mednarodnih standardih, pregled in zapiranje pa opravi zaposleni v avstrijskem higienskem centru.<\/p>\n<\/li>\n<li data-start=\"947\" data-end=\"1204\">\n<p data-start=\"949\" data-end=\"985\">Za izdajo dokumenta je treba prilo\u017eiti naslednje:<\/p>\n<ul data-start=\"988\" data-end=\"1204\">\n<li data-start=\"988\" data-end=\"1023\">\n<p data-start=\"990\" data-end=\"1023\">mrli\u0161ki list,<\/p>\n<\/li>\n<li data-start=\"1026\" data-end=\"1063\">\n<p data-start=\"1028\" data-end=\"1063\">zdravni\u0161ko potrdilo o vzroku smrti,<\/p>\n<\/li>\n<li data-start=\"1066\" data-end=\"1121\">\n<p data-start=\"1068\" data-end=\"1121\">potrdilo o sanitarni obdelavi in \u200b\u200bzaprtju zaboja,<\/p>\n<\/li>\n<li data-start=\"1124\" data-end=\"1159\">\n<p data-start=\"1126\" data-end=\"1159\">podatke o prevozniku in vozilu,<\/p>\n<\/li>\n<li data-start=\"1162\" data-end=\"1204\">\n<p data-start=\"1164\" data-end=\"1204\">dokazilo o dovoljenju pogrebnega zavoda.<\/p>\n<\/li>\n<\/ul>\n<\/li>\n<\/ul>\n<p data-start=\"1206\" data-end=\"1386\">\ud83d\udc49 Podrobne informacije so na voljo na <a data-start=\"1245\" data-end=\"1383\" rel=\"noopener\" target=\"_new\" class=\"decorated-link\" href=\"https:\/\/www.wien.gv.at\/english\/e-government\/health\/event-of-death\/transportation-dead-body-country.html?utm_source=chatgpt.com\">uradni spletni strani mesta Dunaj.<span aria-hidden=\"true\" class=\"ms-0.5 inline-block align-middle leading-none\"><svg width=\"20\" height=\"20\" viewbox=\"0 0 20 20\" fill=\"currentColor\" data-rtl-flip=\"\" class=\"block h-[0.75em] w-[0.75em] stroke-current stroke-[0.75]\"><path d=\"M14.3349 13.3301V6.60645L5.47065 15.4707C5.21095 15.7304 4.78895 15.7304 4.52925 15.4707C4.26955 15.211 4.26955 14.789 4.52925 14.5293L13.3935 5.66504H6.66011C6.29284 5.66504 5.99507 5.36727 5.99507 5C5.99507 4.63273 6.29284 4.33496 6.66011 4.33496H14.9999L15.1337 4.34863C15.4369 4.41057 15.665 4.67857 15.665 5V13.3301C15.6649 13.6973 15.3672 13.9951 14.9999 13.9951C14.6327 13.9951 14.335 13.6973 14.3349 13.3301Z\"><comment><\/comment><\/svg><\/span><\/a> .<\/p>\n<h2 data-start=\"1393\" data-end=\"1419\">Na\u0161e storitve vklju\u010dujejo<\/h2>\n<ul data-start=\"1421\" data-end=\"1838\">\n<li data-start=\"1421\" data-end=\"1509\">\n<p data-start=\"1423\" data-end=\"1509\">Celovita ureditev dokumentacije in dovoljenj za prevoz pokojnika iz Bosne in Hercegovine v Avstrijo<\/p>\n<\/li>\n<li data-start=\"1510\" data-end=\"1594\">\n<p data-start=\"1512\" data-end=\"1594\">Sanitarna obdelava in hermeti\u010dno zapiranje zabojev po mednarodnih standardih<\/p>\n<\/li>\n<li data-start=\"1595\" data-end=\"1690\">\n<p data-start=\"1597\" data-end=\"1690\">Prevzem umrlih oseb iz bolni\u0161nic, domov za ostarele, ustanov ali dru\u017einskih domov v Bosni in Hercegovini<\/p>\n<\/li>\n<li data-start=\"1691\" data-end=\"1751\">\n<p data-start=\"1693\" data-end=\"1751\">Usklajevanje s pristojnimi institucijami BiH in Avstrije <\/p>\n<\/li>\n<li data-start=\"1752\" data-end=\"1801\">\n<p data-start=\"1754\" data-end=\"1801\">Transparentne cene \u2013 brez skritih stro\u0161kov<\/p>\n<\/li>\n<li data-start=\"1802\" data-end=\"1838\">\n<p data-start=\"1804\" data-end=\"1838\">Dosegljivost <strong data-start=\"1815\" data-end=\"1823\">24 ur na dan, 7 dni v tednu<\/strong> za vsa povpra\u0161evanja<\/p>\n<\/li>\n<\/ul>\n<p data-start=\"1840\" data-end=\"1961\">\ud83d\udce9 Za povpra\u0161evanja in dodatne informacije obi\u0161\u010dite na\u0161o <a data-start=\"1889\" data-end=\"1958\" class=\"decorated-link\" href=\"https:\/\/pogrebnobandic.com\/sl\/kontakt\/\">kontaktno stran<span aria-hidden=\"true\" class=\"ms-0.5 inline-block align-middle leading-none\"><svg width=\"20\" height=\"20\" viewbox=\"0 0 20 20\" fill=\"currentColor\" data-rtl-flip=\"\" class=\"block h-[0.75em] w-[0.75em] stroke-current stroke-[0.75]\"><path d=\"M14.3349 13.3301V6.60645L5.47065 15.4707C5.21095 15.7304 4.78895 15.7304 4.52925 15.4707C4.26955 15.211 4.26955 14.789 4.52925 14.5293L13.3935 5.66504H6.66011C6.29284 5.66504 5.99507 5.36727 5.99507 5C5.99507 4.63273 6.29284 4.33496 6.66011 4.33496H14.9999L15.1337 4.34863C15.4369 4.41057 15.665 4.67857 15.665 5V13.3301C15.6649 13.6973 15.3672 13.9951 14.9999 13.9951C14.6327 13.9951 14.335 13.6973 14.3349 13.3301Z\"><comment><\/comment><\/svg><\/span><\/a> .<\/p>\n<h2 data-start=\"1968\" data-end=\"1986\">Na\u0161a prednost<\/h2>\n<p data-start=\"1988\" data-end=\"2330\">Z ekipami in vozili v <strong data-start=\"2009\" data-end=\"2024\">\u017dep\u010dah (Bosna in Hercegovina)<\/strong> in blizu avstrijske meje preko <strong data-start=\"2060\" data-end=\"2084\">Maribora (Slovenija)<\/strong> zagotavljamo <strong data-start=\"2098\" data-end=\"2138\">hitrej\u0161i in cenovno ugodnej\u0161i prevoz pokojnikov<\/strong> . Ta strate\u0161ka lokacija omogo\u010da kraj\u0161e \u010dase prihoda in ni\u017eje stro\u0161ke, kar dru\u017einam omogo\u010da znatne prihranke in gotovost, da bo celoten postopek izveden profesionalno in pravo\u010dasno. <\/p>\n<p>[\/et_pb_text][\/et_pb_column][\/et_pb_row][\/et_pb_section]<\/p>\n","protected":false},"excerpt":{"rendered":"<p>Prevoz pokojnika iz Bosne in Hercegovine v Avstrijo Pogreb Bandi\u0107 | mednarodni Bestattung Bandi\u0107 organizira prevoz pokojnika iz Bosne in Hercegovine v Avstrijo, s popolno profesionalno podporo, diskretnostjo in prevzemom vseh administrativnih postopkov. Na\u0161 cilj je omogo\u010diti dostojanstven in varen prevoz , da se dru\u017eina v te\u017ekih \u010dasih osvobodi dodatnega bremena. Kaj je potrebno \u2013 [&hellip;]<\/p>\n","protected":false},"author":6,"featured_media":0,"parent":0,"menu_order":0,"comment_status":"closed","ping_status":"closed","template":"","meta":{"_et_pb_use_builder":"on","_et_pb_old_content":"","_et_gb_content_width":"","footnotes":""},"class_list":["post-38511","page","type-page","status-publish","hentry"],"_links":{"self":[{"href":"https:\/\/pogrebnobandic.com\/sl\/wp-json\/wp\/v2\/pages\/38511","targetHints":{"allow":["GET"]}}],"collection":[{"href":"https:\/\/pogrebnobandic.com\/sl\/wp-json\/wp\/v2\/pages"}],"about":[{"href":"https:\/\/pogrebnobandic.com\/sl\/wp-json\/wp\/v2\/types\/page"}],"author":[{"embeddable":true,"href":"https:\/\/pogrebnobandic.com\/sl\/wp-json\/wp\/v2\/users\/6"}],"replies":[{"embeddable":true,"href":"https:\/\/pogrebnobandic.com\/sl\/wp-json\/wp\/v2\/comments?post=38511"}],"version-history":[{"count":6,"href":"https:\/\/pogrebnobandic.com\/sl\/wp-json\/wp\/v2\/pages\/38511\/revisions"}],"predecessor-version":[{"id":39538,"href":"https:\/\/pogrebnobandic.com\/sl\/wp-json\/wp\/v2\/pages\/38511\/revisions\/39538"}],"wp:attachment":[{"href":"https:\/\/pogrebnobandic.com\/sl\/wp-json\/wp\/v2\/media?parent=38511"}],"curies":[{"name":"wp","href":"https:\/\/api.w.org\/{rel}","templated":true}]}}