{"id":38503,"date":"2025-08-30T07:12:51","date_gmt":"2025-08-30T05:12:51","guid":{"rendered":"https:\/\/projekat-pogrebnobandic.dugl.net\/prevoz-pokojnika-iz-avstrije-v-bosno-in-hercegovino\/"},"modified":"2025-12-22T23:03:06","modified_gmt":"2025-12-22T21:03:06","slug":"prevoz-pokojnika-iz-avstrije-v-bosno-in-hercegovino","status":"publish","type":"page","link":"https:\/\/pogrebnobandic.com\/sl\/prevoz-pokojnika-iz-avstrije-v-bosno-in-hercegovino\/","title":{"rendered":"Prevoz pokojnika iz Avstrije v Bosno in Hercegovino, Srbijo, Hrva\u0161ko in druge balkanske dr\u017eave"},"content":{"rendered":"<p>[et_pb_section fb_built=&#8221;1&#8243; fullwidth=&#8221;on&#8221; _builder_version=&#8221;4.27.0&#8243; _module_preset=&#8221;default&#8221; global_colors_info=&#8221;{}&#8221;][et_pb_fullwidth_slider _builder_version=&#8221;4.27.5&#8243; _module_preset=&#8221;default&#8221; header_level=&#8221;h1&#8243; header_text_color=&#8221;#FFFFFF&#8221; header_font_size=&#8221;48px&#8221; body_font_size=&#8221;33px&#8221; height=&#8221;450px&#8221; height_tablet=&#8221;280px&#8221; height_phone=&#8221;280px&#8221; height_last_edited=&#8221;on|tablet&#8221; custom_padding=&#8221;||||false|false&#8221; global_colors_info=&#8221;{}&#8221;][et_pb_slide heading=&#8221;Prevoz pokojnika iz Avstrije v Bosno in Hercegovino, Srbijo, Hrva\u0161ko in druge balkanske dr\u017eave&#8221; button_link=&#8221;tel:+38765649326&#8243; use_bg_overlay=&#8221;off&#8221; _builder_version=&#8221;4.27.5&#8243; _module_preset=&#8221;default&#8221; header_level=&#8221;h1&#8243; header_font=&#8221;|300|||||||&#8221; body_font_size=&#8221;40px&#8221; background_color=&#8221;rgba(19,32,51,0.25)&#8221; background_enable_color=&#8221;on&#8221; background_image=&#8221;https:\/\/pogrebnobandic.com\/wp-content\/uploads\/2025\/08\/Prijevoz-pokojnika-2.jpg&#8221; background_enable_image=&#8221;on&#8221; background_blend=&#8221;screen&#8221; background_layout=&#8221;light&#8221; header_font_last_edited=&#8221;off|tablet&#8221; header_font_size_tablet=&#8221;30px&#8221; header_font_size_phone=&#8221;30px&#8221; header_font_size_last_edited=&#8221;on|tablet&#8221; global_colors_info=&#8221;{}&#8221; sticky_transition=&#8221;on&#8221;][\/et_pb_slide][\/et_pb_fullwidth_slider][\/et_pb_section][et_pb_section fb_built=&#8221;1&#8243; admin_label=&#8221;About Us&#8221; _builder_version=&#8221;4.24.0&#8243; custom_padding=&#8221;15px|0px|0|0px|false|false&#8221; global_colors_info=&#8221;{}&#8221;][et_pb_row _builder_version=&#8221;4.23.1&#8243; max_width=&#8221;1230px&#8221; global_colors_info=&#8221;{}&#8221;][et_pb_column type=&#8221;4_4&#8243; _builder_version=&#8221;4.23.1&#8243; custom_padding=&#8221;|||&#8221; global_colors_info=&#8221;{}&#8221; custom_padding__hover=&#8221;|||&#8221;][et_pb_text _builder_version=&#8221;4.27.5&#8243; text_font=&#8221;||||||||&#8221; text_font_size=&#8221;15px&#8221; text_line_height=&#8221;2em&#8221; ul_font=&#8221;|700|||||||&#8221; ul_line_height=&#8221;2em&#8221; ol_font=&#8221;||||||||&#8221; header_font=&#8221;||||||||&#8221; header_2_font=&#8221;|700|||||||&#8221; header_2_font_size=&#8221;24px&#8221; header_2_line_height=&#8221;1.4em&#8221; header_3_font=&#8221;||||||||&#8221; header_4_font=&#8221;||||||||&#8221; header_5_font=&#8221;|600|||||||&#8221; header_5_font_size=&#8221;23px&#8221; header_6_font=&#8221;||||||||&#8221; hover_enabled=&#8221;0&#8243; header_2_font_size_tablet=&#8221;&#8221; header_2_font_size_phone=&#8221;24px&#8221; header_2_font_size_last_edited=&#8221;on|phone&#8221; global_colors_info=&#8221;{}&#8221; sticky_enabled=&#8221;0&#8243;]<\/p>\n<h2 data-start=\"206\" data-end=\"247\">Prevoz pokojnika iz Avstrije v Bosno in Hercegovino, Srbijo, Hrva\u0161ko in druge balkanske dr\u017eave<\/h2>\n<p data-start=\"249\" data-end=\"551\"><strong>Pogrebno Bandi\u0107 | mednarodno podjetje za prevoz pokojnikov Bandi\u0107<\/strong> nudi celovito storitev organizacije prevoza pokojnikov iz Republike Avstrije v Bosno in Hercegovino. Na\u0161 cilj je omogo\u010diti <strong data-start=\"406\" data-end=\"463\">dostojanstveno in varno vrnitev pokojnika v domovino<\/strong> , ob polni podpori dru\u017eine in prevzemu vseh potrebnih administrativnih postopkov. <\/p>\n<p data-start=\"553\" data-end=\"751\">\ud83d\udc49 Ve\u010d informacij o postopkih v Avstriji je na voljo na <a data-start=\"613\" data-end=\"748\" rel=\"noopener\" target=\"_new\" class=\"decorated-link\" href=\"https:\/\/europa.eu\/youreurope\/search-results\/index_en.htm?countryCode=AT&amp;categories=D6\">uradni spletni strani Evropske unije &#8211; Avstrija<span aria-hidden=\"true\" class=\"ms-0.5 inline-block align-middle leading-none\"><svg width=\"20\" height=\"20\" viewbox=\"0 0 20 20\" fill=\"currentColor\" data-rtl-flip=\"\" class=\"block h-[0.75em] w-[0.75em] stroke-current stroke-[0.75]\"><path d=\"M14.3349 13.3301V6.60645L5.47065 15.4707C5.21095 15.7304 4.78895 15.7304 4.52925 15.4707C4.26955 15.211 4.26955 14.789 4.52925 14.5293L13.3935 5.66504H6.66011C6.29284 5.66504 5.99507 5.36727 5.99507 5C5.99507 4.63273 6.29284 4.33496 6.66011 4.33496H14.9999L15.1337 4.34863C15.4369 4.41057 15.665 4.67857 15.665 5V13.3301C15.6649 13.6973 15.3672 13.9951 14.9999 13.9951C14.6327 13.9951 14.335 13.6973 14.3349 13.3301Z\"><comment><\/comment><\/svg><\/span><\/a> .<\/p>\n<h3 data-start=\"758\" data-end=\"823\">Prepustnica za truplo<\/h3>\n<p data-start=\"824\" data-end=\"1080\">V Avstriji je dolo\u010deno, da se posmrtni ostanki lahko <strong data-start=\"885\" data-end=\"929\">preva\u017eajo le prek poobla\u0161\u010denih pogrebnih zavodov<\/strong> . Za vsak prevoz je treba pridobiti dokument, imenovan <strong data-start=\"991\" data-end=\"1029\">laissez-passer za posmrtne ostanke<\/strong> , zahtevo pa mora vlo\u017eiti izklju\u010dno pogrebni zavod. <\/p>\n<h4 data-start=\"1082\" data-end=\"1109\">Zahteve in postopek:<\/h4>\n<ul data-start=\"1110\" data-end=\"1751\">\n<li data-start=\"1110\" data-end=\"1345\">\n<p data-start=\"1112\" data-end=\"1345\">Potrebna dokumentacija (mrli\u0161ki list, podatki o pokojniku, vrsta krste, kraj odhoda in prihoda, na\u010din prevoza) se predhodno v elektronski obliki predlo\u017ei <strong data-start=\"1279\" data-end=\"1342\">Higienskemu centru Mestnega zdravstvenega urada na Dunaju (MA 15)<\/strong> .<\/p>\n<\/li>\n<li data-start=\"1346\" data-end=\"1512\">\n<p data-start=\"1348\" data-end=\"1512\">Za prevzem in pregled krste se je potrebno predhodno dogovoriti za termin z de\u017eurno slu\u017ebo Higienskega centra, po telefonu v delovnem \u010dasu od <strong data-start=\"1487\" data-end=\"1509\">7.00 do 15.00.<\/strong><\/p>\n<\/li>\n<li data-start=\"1513\" data-end=\"1631\">\n<p data-start=\"1515\" data-end=\"1631\">Ko je krsta pregledana in pravilno zape\u010datena v prisotnosti poobla\u0161\u010dene osebe, se izda <strong data-start=\"1610\" data-end=\"1628\">prepustnica<\/strong> .<\/p>\n<\/li>\n<li data-start=\"1632\" data-end=\"1751\">\n<p data-start=\"1634\" data-end=\"1751\">Pristojbina za izdajo dovoljenja zna\u0161a <strong data-start=\"1670\" data-end=\"1682\">106,62 \u20ac<\/strong> , pla\u010dilo pa izvede pogrebni zavod. Pla\u010dilo z gotovino ni mogo\u010de. <\/p>\n<\/li>\n<\/ul>\n<p data-start=\"1753\" data-end=\"1985\">\ud83d\udc49 Podrobne informacije o postopku so na voljo na <a data-start=\"1803\" data-end=\"1982\" rel=\"noopener\" target=\"_new\" class=\"decorated-link\" href=\"https:\/\/www.wien.gv.at\/english\/e-government\/health\/event-of-death\/transportation-dead-body-country.html\">spletni strani mesta Dunaj &#8211; Prevoz trupla v drugo dr\u017eavo<span aria-hidden=\"true\" class=\"ms-0.5 inline-block align-middle leading-none\"><svg width=\"20\" height=\"20\" viewbox=\"0 0 20 20\" fill=\"currentColor\" data-rtl-flip=\"\" class=\"block h-[0.75em] w-[0.75em] stroke-current stroke-[0.75]\"><path d=\"M14.3349 13.3301V6.60645L5.47065 15.4707C5.21095 15.7304 4.78895 15.7304 4.52925 15.4707C4.26955 15.211 4.26955 14.789 4.52925 14.5293L13.3935 5.66504H6.66011C6.29284 5.66504 5.99507 5.36727 5.99507 5C5.99507 4.63273 6.29284 4.33496 6.66011 4.33496H14.9999L15.1337 4.34863C15.4369 4.41057 15.665 4.67857 15.665 5V13.3301C15.6649 13.6973 15.3672 13.9951 14.9999 13.9951C14.6327 13.9951 14.335 13.6973 14.3349 13.3301Z\"><comment><\/comment><\/svg><\/span><\/a> .<\/p>\n<h3 data-start=\"1992\" data-end=\"2025\">Apostille in dodatna potrdila<\/h3>\n<p data-start=\"2026\" data-end=\"2282\">Za nekatere dr\u017eave je lahko potrebna dodatna overitev v obliki <strong data-start=\"2086\" data-end=\"2099\">apostile<\/strong> ali diplomatske legalizacije. V tem primeru se dokument overi na mestnem uradu na Dunaju (MA 15), nato na \u017eupanovem uradu in na avstrijskem ministrstvu za zunanje zadeve. <\/p>\n<h3 data-start=\"2289\" data-end=\"2316\">Na\u0161e storitve vklju\u010dujejo<\/h3>\n<ul data-start=\"2317\" data-end=\"2748\">\n<li data-start=\"2317\" data-end=\"2394\">\n<p data-start=\"2319\" data-end=\"2394\">Ureditev vseh dokumentov in dovoljenj za repatriacijo iz Avstrije v Bosno in Hercegovino, Srbijo, Hrva\u0161ko in druge balkanske dr\u017eave<\/p>\n<\/li>\n<li data-start=\"2395\" data-end=\"2479\">\n<p data-start=\"2397\" data-end=\"2479\">Sanitarna obdelava in hermeti\u010dno zapiranje zabojev po mednarodnih standardih<\/p>\n<\/li>\n<li data-start=\"2480\" data-end=\"2592\">\n<p data-start=\"2482\" data-end=\"2592\">Prevzem umrlih oseb iz bolni\u0161nic, domov za ostarele, zdravstvenih ustanov ali dru\u017einskih domov v Avstriji<\/p>\n<\/li>\n<li data-start=\"2593\" data-end=\"2661\">\n<p data-start=\"2595\" data-end=\"2661\">Usklajevanje z avstrijskimi in bosansko-hercegovskimi institucijami<\/p>\n<\/li>\n<li data-start=\"2662\" data-end=\"2711\">\n<p data-start=\"2664\" data-end=\"2711\">Transparentne cene \u2013 brez skritih stro\u0161kov<\/p>\n<\/li>\n<li data-start=\"2712\" data-end=\"2748\">\n<p data-start=\"2714\" data-end=\"2748\">Dosegljivost <strong data-start=\"2725\" data-end=\"2733\">24 ur na dan, 7 dni v tednu<\/strong> za vsa povpra\u0161evanja<\/p>\n<\/li>\n<\/ul>\n<p data-start=\"2750\" data-end=\"2871\">\ud83d\udce9 Za povpra\u0161evanja in dodatne informacije obi\u0161\u010dite na\u0161o <a data-start=\"2799\" data-end=\"2868\" class=\"decorated-link\" href=\"https:\/\/pogrebnobandic.com\/sl\/kontakt\/\">kontaktno stran<span aria-hidden=\"true\" class=\"ms-0.5 inline-block align-middle leading-none\"><svg width=\"20\" height=\"20\" viewbox=\"0 0 20 20\" fill=\"currentColor\" data-rtl-flip=\"\" class=\"block h-[0.75em] w-[0.75em] stroke-current stroke-[0.75]\"><path d=\"M14.3349 13.3301V6.60645L5.47065 15.4707C5.21095 15.7304 4.78895 15.7304 4.52925 15.4707C4.26955 15.211 4.26955 14.789 4.52925 14.5293L13.3935 5.66504H6.66011C6.29284 5.66504 5.99507 5.36727 5.99507 5C5.99507 4.63273 6.29284 4.33496 6.66011 4.33496H14.9999L15.1337 4.34863C15.4369 4.41057 15.665 4.67857 15.665 5V13.3301C15.6649 13.6973 15.3672 13.9951 14.9999 13.9951C14.6327 13.9951 14.335 13.6973 14.3349 13.3301Z\"><comment><\/comment><\/svg><\/span><\/a> .<\/p>\n<h3 data-start=\"2878\" data-end=\"2897\">Na\u0161a prednost<\/h3>\n<p data-start=\"2898\" data-end=\"3212\">Zahvaljujo\u010d lastnim ekipam in vozilom v <strong data-start=\"2943\" data-end=\"2967\">Mariboru (Slovenija)<\/strong> in <strong data-start=\"2970\" data-end=\"2985\">\u017dep\u010dah (Bosna in Hercegovina)<\/strong> zagotavljamo <strong data-start=\"2999\" data-end=\"3051\">hitrej\u0161i in cenovno ugodnej\u0161i prevoz pokojnikov iz Avstrije<\/strong> v primerjavi z na\u0161imi konkurenti, ki odhajajo izklju\u010dno iz Bosne in Hercegovine. To dru\u017einam zagotavlja znatne prihranke in gotovost, da bodo vse formalnosti re\u0161ene pravo\u010dasno. <\/p>\n<p>[\/et_pb_text][\/et_pb_column][\/et_pb_row][\/et_pb_section]<\/p>\n","protected":false},"excerpt":{"rendered":"<p>Prevoz pokojnika iz Avstrije v Bosno in Hercegovino, Srbijo, Hrva\u0161ko in druge balkanske dr\u017eave Pogrebno Bandi\u0107 | mednarodno podjetje za prevoz pokojnikov Bandi\u0107 nudi celovito storitev organizacije prevoza pokojnikov iz Republike Avstrije v Bosno in Hercegovino. Na\u0161 cilj je omogo\u010diti dostojanstveno in varno vrnitev pokojnika v domovino , ob polni podpori dru\u017eine in prevzemu vseh [&hellip;]<\/p>\n","protected":false},"author":6,"featured_media":0,"parent":0,"menu_order":0,"comment_status":"closed","ping_status":"closed","template":"","meta":{"_et_pb_use_builder":"on","_et_pb_old_content":"","_et_gb_content_width":"","footnotes":""},"class_list":["post-38503","page","type-page","status-publish","hentry"],"_links":{"self":[{"href":"https:\/\/pogrebnobandic.com\/sl\/wp-json\/wp\/v2\/pages\/38503","targetHints":{"allow":["GET"]}}],"collection":[{"href":"https:\/\/pogrebnobandic.com\/sl\/wp-json\/wp\/v2\/pages"}],"about":[{"href":"https:\/\/pogrebnobandic.com\/sl\/wp-json\/wp\/v2\/types\/page"}],"author":[{"embeddable":true,"href":"https:\/\/pogrebnobandic.com\/sl\/wp-json\/wp\/v2\/users\/6"}],"replies":[{"embeddable":true,"href":"https:\/\/pogrebnobandic.com\/sl\/wp-json\/wp\/v2\/comments?post=38503"}],"version-history":[{"count":7,"href":"https:\/\/pogrebnobandic.com\/sl\/wp-json\/wp\/v2\/pages\/38503\/revisions"}],"predecessor-version":[{"id":39331,"href":"https:\/\/pogrebnobandic.com\/sl\/wp-json\/wp\/v2\/pages\/38503\/revisions\/39331"}],"wp:attachment":[{"href":"https:\/\/pogrebnobandic.com\/sl\/wp-json\/wp\/v2\/media?parent=38503"}],"curies":[{"name":"wp","href":"https:\/\/api.w.org\/{rel}","templated":true}]}}