{"id":38500,"date":"2025-08-29T22:43:08","date_gmt":"2025-08-29T20:43:08","guid":{"rendered":"https:\/\/projekat-pogrebnobandic.dugl.net\/prevoz-pokojnika\/"},"modified":"2026-02-15T00:06:20","modified_gmt":"2026-02-14T22:06:20","slug":"prevoz-pokojnika","status":"publish","type":"page","link":"https:\/\/pogrebnobandic.com\/sl\/prevoz-pokojnika\/","title":{"rendered":"Prevoz pokojnika"},"content":{"rendered":"<p>[et_pb_section fb_built=&#8221;1&#8243; fullwidth=&#8221;on&#8221; _builder_version=&#8221;4.27.0&#8243; _module_preset=&#8221;default&#8221; global_colors_info=&#8221;{}&#8221;][et_pb_fullwidth_slider _builder_version=&#8221;4.27.4&#8243; _module_preset=&#8221;default&#8221; header_level=&#8221;h1&#8243; header_text_color=&#8221;#FFFFFF&#8221; header_font_size=&#8221;48px&#8221; body_font_size=&#8221;33px&#8221; height=&#8221;450px&#8221; height_tablet=&#8221;280px&#8221; height_phone=&#8221;280px&#8221; height_last_edited=&#8221;on|tablet&#8221; custom_padding=&#8221;||||false|false&#8221; global_colors_info=&#8221;{}&#8221;][et_pb_slide heading=&#8221;Prevoz pokojnika&#8221; use_bg_overlay=&#8221;off&#8221; _builder_version=&#8221;4.27.4&#8243; _module_preset=&#8221;default&#8221; header_level=&#8221;h1&#8243; header_font=&#8221;|300|||||||&#8221; body_font_size=&#8221;40px&#8221; background_color=&#8221;rgba(19,32,51,0.25)&#8221; background_enable_color=&#8221;on&#8221; background_image=&#8221;https:\/\/pogrebnobandic.com\/wp-content\/uploads\/2025\/11\/Pogrebno-Bandic-Bandic-International-Bestattung.jpg&#8221; background_enable_image=&#8221;on&#8221; background_blend=&#8221;screen&#8221; background_layout=&#8221;light&#8221; header_font_last_edited=&#8221;off|tablet&#8221; header_font_size_tablet=&#8221;30px&#8221; header_font_size_phone=&#8221;30px&#8221; header_font_size_last_edited=&#8221;on|tablet&#8221; global_colors_info=&#8221;{}&#8221; sticky_transition=&#8221;on&#8221;][\/et_pb_slide][\/et_pb_fullwidth_slider][\/et_pb_section][et_pb_section fb_built=&#8221;1&#8243; admin_label=&#8221;About Us&#8221; _builder_version=&#8221;4.24.0&#8243; custom_padding=&#8221;15px|0px|0|0px|false|false&#8221; global_colors_info=&#8221;{}&#8221;][et_pb_row _builder_version=&#8221;4.23.1&#8243; max_width=&#8221;1230px&#8221; global_colors_info=&#8221;{}&#8221;][et_pb_column type=&#8221;4_4&#8243; _builder_version=&#8221;4.23.1&#8243; custom_padding=&#8221;|||&#8221; global_colors_info=&#8221;{}&#8221; custom_padding__hover=&#8221;|||&#8221;][et_pb_text _builder_version=&#8221;4.27.5&#8243; text_font=&#8221;||||||||&#8221; text_font_size=&#8221;15px&#8221; text_line_height=&#8221;2em&#8221; ul_font=&#8221;|700|||||||&#8221; ul_line_height=&#8221;2em&#8221; ol_font=&#8221;||||||||&#8221; header_font=&#8221;||||||||&#8221; header_2_font=&#8221;|700|||||||&#8221; header_2_font_size=&#8221;24px&#8221; header_2_line_height=&#8221;1.4em&#8221; header_3_font=&#8221;||||||||&#8221; header_4_font=&#8221;||||||||&#8221; header_5_font=&#8221;|600|||||||&#8221; header_5_font_size=&#8221;23px&#8221; header_6_font=&#8221;||||||||&#8221; header_2_font_size_tablet=&#8221;&#8221; header_2_font_size_phone=&#8221;24px&#8221; header_2_font_size_last_edited=&#8221;on|phone&#8221; global_colors_info=&#8221;{}&#8221;]<\/p>\n<h2 data-start=\"257\" data-end=\"292\">Mednarodni prevoz pokojnika<\/h2>\n<p data-start=\"293\" data-end=\"587\"><strong>Pogrebno Bandi\u0107 | mednarodno podjetje Bandi\u0107<\/strong> je specializirano za mednarodni in doma\u010di prevoz pokojnikov, s popolno profesionalno podporo in diskretnostjo. Na\u0161e poslanstvo je zagotoviti <strong data-start=\"462\" data-end=\"499\">dostojanstven in varen prevoz<\/strong> , pri \u010demer v celoti prevzamemo organizacijo dokumentacije in administrativne postopke.<\/p>\n<p data-start=\"589\" data-end=\"742\">Na\u0161a ekipa organizira prevoz pokojnikov iz vseh dr\u017eav Evrope v Bosno in Hercegovino, Srbijo, Hrva\u0161ko in druge dr\u017eave Balkana. Posebej obravnavamo naslednje smeri:<\/p>\n<ul data-start=\"726\" data-end=\"1317\">\n<li data-start=\"726\" data-end=\"796\">\n<p data-start=\"728\" data-end=\"796\">Prevoz pokojnika iz <strong data-start=\"750\" data-end=\"769\">Slovenije v Bosno in Hercegovino<\/strong> ter iz <strong data-start=\"775\" data-end=\"794\">Bosne in Hercegovine v Slovenijo<\/strong><\/p>\n<\/li>\n<li data-start=\"797\" data-end=\"865\">\n<p data-start=\"799\" data-end=\"865\">Prevoz pokojnika iz <strong data-start=\"821\" data-end=\"839\">Avstrije v Bosno in Hercegovino<\/strong> in iz <strong data-start=\"845\" data-end=\"863\">Bosne in Hercegovino v Avstrijo<\/strong><\/p>\n<\/li>\n<li data-start=\"866\" data-end=\"934\">\n<p data-start=\"868\" data-end=\"934\">Prevoz pokojnika iz <strong data-start=\"890\" data-end=\"908\">Nem\u010dije v Bosno in Hercegovino<\/strong> in iz <strong data-start=\"914\" data-end=\"932\">Bosne in Hercegovino v Nem\u010dijo<\/strong><\/p>\n<\/li>\n<li data-start=\"935\" data-end=\"1003\">\n<p data-start=\"937\" data-end=\"1003\">Prevoz pokojnika iz <strong data-start=\"959\" data-end=\"977\">Hrva\u0161ke v Bosno in Hercegovino<\/strong> in iz <strong data-start=\"983\" data-end=\"1001\">Bosne in Hercegovino na Hrva\u0161ko<\/strong><\/p>\n<\/li>\n<li data-start=\"1004\" data-end=\"1068\">\n<p data-start=\"1006\" data-end=\"1068\">Prevoz pokojnika iz <strong data-start=\"1028\" data-end=\"1044\">Srbije v Bosno in Hercegovino<\/strong> in iz <strong data-start=\"1050\" data-end=\"1066\">Bosne in Hercegovino v Srbijo<\/strong><\/p>\n<\/li>\n<li data-start=\"1069\" data-end=\"1139\">\n<p data-start=\"1071\" data-end=\"1139\">Prevoz pokojnika iz <strong data-start=\"1093\" data-end=\"1112\">\u010crne gore v Bosno in Hercegovino<\/strong> ter iz <strong data-start=\"1118\" data-end=\"1137\">Bosne in Hercegovine v \u010crno goro<\/strong><\/p>\n<\/li>\n<li data-start=\"1140\" data-end=\"1212\">\n<p data-start=\"1142\" data-end=\"1212\">Prevoz pokojnika iz <strong data-start=\"1164\" data-end=\"1184\">Makedonije v Bosno in Hercegovino<\/strong> ter iz <strong data-start=\"1190\" data-end=\"1210\">Bosne in Hercegovine v Makedonijo<\/strong><\/p>\n<\/li>\n<li data-start=\"1213\" data-end=\"1317\">\n<p data-start=\"1215\" data-end=\"1317\">Prevoz pokojnikov iz <strong data-start=\"1237\" data-end=\"1283\">Nizozemske (Nizozemske), \u0160vice, Belgije<\/strong> in drugih dr\u017eav Zahodne Evrope<\/p>\n<\/li>\n<\/ul>\n<p data-start=\"1088\" data-end=\"1288\">\ud83d\udc49 Poleg na\u0161tetega nudimo tudi prevoz pokojnikov iz vseh drugih dr\u017eav EU ( <strong data-start=\"1160\" data-end=\"1235\">Francija, Italija, \u0160vica, Nizozemska, Belgija, \u0160panija, Luksemburg<\/strong> in druge), kot tudi iz Bosne in Hercegovine v vse druge evropske dr\u017eave.<\/p>\n<p data-start=\"1290\" data-end=\"1418\">\ud83d\udce9 Za povpra\u0161evanja in podrobnej\u0161e informacije obi\u0161\u010dite na\u0161o <a data-start=\"1346\" data-end=\"1415\" class=\"decorated-link\" href=\"https:\/\/pogrebnobandic.com\/sl\/kontakt\/\">kontaktno stran<span aria-hidden=\"true\" class=\"ms-0.5 inline-block align-middle leading-none\"><svg width=\"20\" height=\"20\" viewbox=\"0 0 20 20\" fill=\"currentColor\" xmlns=\"http:\/\/www.w3.org\/2000\/svg\" data-rtl-flip=\"\" class=\"block h-[0.75em] w-[0.75em] stroke-current stroke-[0.75]\"><path d=\"M14.3349 13.3301V6.60645L5.47065 15.4707C5.21095 15.7304 4.78895 15.7304 4.52925 15.4707C4.26955 15.211 4.26955 14.789 4.52925 14.5293L13.3935 5.66504H6.66011C6.29284 5.66504 5.99507 5.36727 5.99507 5C5.99507 4.63273 6.29284 4.33496 6.66011 4.33496H14.9999L15.1337 4.34863C15.4369 4.41057 15.665 4.67857 15.665 5V13.3301C15.6649 13.6973 15.3672 13.9951 14.9999 13.9951C14.6327 13.9951 14.335 13.6973 14.3349 13.3301Z\"><\/path><\/svg><\/span><\/a> .<\/p>\n<h2 data-start=\"1425\" data-end=\"1451\">Na\u0161e storitve vklju\u010dujejo<\/h2>\n<ul data-start=\"1452\" data-end=\"2008\">\n<li data-start=\"1452\" data-end=\"1539\">\n<p data-start=\"1454\" data-end=\"1539\">Organizacija celotne dokumentacije in dovoljenj ( <strong data-start=\"1502\" data-end=\"1517\">potrdila za truplo<\/strong> , prevodi, overitve)<\/p>\n<\/li>\n<li data-start=\"1540\" data-end=\"1617\">\n<p data-start=\"1542\" data-end=\"1617\">Sanitarna obdelava in hermeti\u010dno zapiranje zabojev v skladu z veljavnimi predpisi<\/p>\n<\/li>\n<li data-start=\"1618\" data-end=\"1720\">\n<p data-start=\"1620\" data-end=\"1720\">Uporaba <strong data-start=\"1631\" data-end=\"1658\">specializiranih vozil,<\/strong> ki ustrezajo mednarodnim standardom za pogrebne prevoze<\/p>\n<\/li>\n<li data-start=\"1721\" data-end=\"1813\">\n<p data-start=\"1723\" data-end=\"1813\">Organizacija prevzema pokojnikov iz bolni\u0161nic, domov za ostarele in zdravstvenih ustanov<\/p>\n<\/li>\n<li data-start=\"1814\" data-end=\"1906\">\n<p data-start=\"1816\" data-end=\"1906\">Usklajevanje z veleposlani\u0161tvi, konzulati in ustreznimi institucijami v dr\u017eavi in \u200b\u200btujini<\/p>\n<\/li>\n<li data-start=\"1907\" data-end=\"1956\">\n<p data-start=\"1909\" data-end=\"1956\">Transparentne cene \u2013 brez skritih stro\u0161kov<\/p>\n<\/li>\n<li data-start=\"1957\" data-end=\"2008\">\n<p data-start=\"1959\" data-end=\"2008\">Razpolo\u017eljivost <strong data-start=\"1970\" data-end=\"2006\">24 ur na dan, 7 dni v tednu \u2013 vsak dan, brez izjeme<\/strong><\/p>\n<\/li>\n<\/ul>\n<h2 data-start=\"2015\" data-end=\"2039\">Zakaj izbrati nas?<\/h2>\n<p data-start=\"2040\" data-end=\"2318\">Zahvaljujo\u010d strate\u0161kim lokacijam v <strong data-start=\"2077\" data-end=\"2101\">Mariboru (Slovenija)<\/strong> in <strong data-start=\"2104\" data-end=\"2119\">\u017dep\u010du (Bosna in Hercegovina)<\/strong> lahko pokojnike prevzamemo <strong data-start=\"2146\" data-end=\"2167\">hitreje in ceneje<\/strong> kot konkurenca.<br data-start=\"2193\" data-end=\"2196\"> Na ta na\u010din dru\u017eine \u017ee na za\u010detku prihranijo od <strong data-start=\"2239\" data-end=\"2256\">300 do 500 <span>kilometrov<\/span><\/strong> , s kraj\u0161imi \u010dasi prihoda in popolno varnostjo.<\/p>\n<h2 data-start=\"2325\" data-end=\"2355\">Smrt in repatriacija (EU)<\/h2>\n<p data-start=\"2356\" data-end=\"2630\">\u010ce dru\u017einski \u010dlan ali bli\u017enja oseba umre v drugi dr\u017eavi EU, ne glede na to, ali je bil tam registriran ali ne, je treba pred vrnitvijo posmrtnih ostankov v domovino (znano kot repatriacija) za pokop ali upepelitev izpolniti dolo\u010dene formalnosti.<\/p>\n<p data-start=\"2632\" data-end=\"2770\">Vsaka dr\u017eava \u010dlanica EU ima svoja pravila o poro\u010danju in registraciji smrti ter o repatriaciji posmrtnih ostankov v drugo dr\u017eavo EU.<\/p>\n<p data-start=\"2772\" data-end=\"2992\">\ud83d\udc49 Ve\u010d informacij o pravilih, ki veljajo v posameznih dr\u017eavah \u010dlanicah, je na voljo na uradni spletni strani <a data-start=\"2882\" data-end=\"2989\" rel=\"noopener\" target=\"_new\" class=\"decorated-link\" href=\"https:\/\/europa.eu\/youreurope\/citizens\/family\/inheritances\/death-repatriation\/index_en.htm\">Evropske unije<span aria-hidden=\"true\" class=\"ms-0.5 inline-block align-middle leading-none\"><svg width=\"20\" height=\"20\" viewbox=\"0 0 20 20\" fill=\"currentColor\" xmlns=\"http:\/\/www.w3.org\/2000\/svg\" data-rtl-flip=\"\" class=\"block h-[0.75em] w-[0.75em] stroke-current stroke-[0.75]\"><path d=\"M14.3349 13.3301V6.60645L5.47065 15.4707C5.21095 15.7304 4.78895 15.7304 4.52925 15.4707C4.26955 15.211 4.26955 14.789 4.52925 14.5293L13.3935 5.66504H6.66011C6.29284 5.66504 5.99507 5.36727 5.99507 5C5.99507 4.63273 6.29284 4.33496 6.66011 4.33496H14.9999L15.1337 4.34863C15.4369 4.41057 15.665 4.67857 15.665 5V13.3301C15.6649 13.6973 15.3672 13.9951 14.9999 13.9951C14.6327 13.9951 14.335 13.6973 14.3349 13.3301Z\"><\/path><\/svg><\/span><\/a> .<\/p>\n<p>[\/et_pb_text][\/et_pb_column][\/et_pb_row][\/et_pb_section][et_pb_section fb_built=&#8221;1&#8243; _builder_version=&#8221;4.27.0&#8243; background_color=&#8221;#FFFFFF&#8221; saved_tabs=&#8221;all&#8221; global_colors_info=&#8221;{}&#8221;][et_pb_row _builder_version=&#8221;4.27.0&#8243; _module_preset=&#8221;default&#8221; max_width=&#8221;1280px&#8221; custom_margin=&#8221;-34px||||false|false&#8221; global_colors_info=&#8221;{}&#8221; width__hover_enabled=&#8221;on|desktop&#8221;][et_pb_column type=&#8221;4_4&#8243; _builder_version=&#8221;4.18.0&#8243; _module_preset=&#8221;default&#8221; global_colors_info=&#8221;{}&#8221;][et_pb_gallery gallery_ids=&#8221;39624,38841,38843,38845,39608,38847,38849,38851,38853,38855,39626,39628,39598,39610,39600,39602,39604,39606,39612,39614,39616,39618,39620,39622&#8243; posts_number=&#8221;8&#8243; show_title_and_caption=&#8221;off&#8221; hover_overlay_color=&#8221;rgba(255,255,255,0.32)&#8221; _builder_version=&#8221;4.27.5&#8243; _module_preset=&#8221;default&#8221; hover_enabled=&#8221;0&#8243; global_colors_info=&#8221;{}&#8221; sticky_enabled=&#8221;0&#8243;][\/et_pb_gallery][\/et_pb_column][\/et_pb_row][\/et_pb_section]<\/p>\n","protected":false},"excerpt":{"rendered":"<p>Mednarodni prevoz pokojnika Pogrebno Bandi\u0107 | mednarodno podjetje Bandi\u0107 je specializirano za mednarodni in doma\u010di prevoz pokojnikov, s popolno profesionalno podporo in diskretnostjo. Na\u0161e poslanstvo je zagotoviti dostojanstven in varen prevoz , pri \u010demer v celoti prevzamemo organizacijo dokumentacije in administrativne postopke. Na\u0161a ekipa organizira prevoz pokojnikov iz vseh dr\u017eav Evrope v Bosno in Hercegovino, [&hellip;]<\/p>\n","protected":false},"author":6,"featured_media":0,"parent":0,"menu_order":0,"comment_status":"closed","ping_status":"closed","template":"","meta":{"_et_pb_use_builder":"on","_et_pb_old_content":"","_et_gb_content_width":"","footnotes":""},"class_list":["post-38500","page","type-page","status-publish","hentry"],"_links":{"self":[{"href":"https:\/\/pogrebnobandic.com\/sl\/wp-json\/wp\/v2\/pages\/38500","targetHints":{"allow":["GET"]}}],"collection":[{"href":"https:\/\/pogrebnobandic.com\/sl\/wp-json\/wp\/v2\/pages"}],"about":[{"href":"https:\/\/pogrebnobandic.com\/sl\/wp-json\/wp\/v2\/types\/page"}],"author":[{"embeddable":true,"href":"https:\/\/pogrebnobandic.com\/sl\/wp-json\/wp\/v2\/users\/6"}],"replies":[{"embeddable":true,"href":"https:\/\/pogrebnobandic.com\/sl\/wp-json\/wp\/v2\/comments?post=38500"}],"version-history":[{"count":32,"href":"https:\/\/pogrebnobandic.com\/sl\/wp-json\/wp\/v2\/pages\/38500\/revisions"}],"predecessor-version":[{"id":39645,"href":"https:\/\/pogrebnobandic.com\/sl\/wp-json\/wp\/v2\/pages\/38500\/revisions\/39645"}],"wp:attachment":[{"href":"https:\/\/pogrebnobandic.com\/sl\/wp-json\/wp\/v2\/media?parent=38500"}],"curies":[{"name":"wp","href":"https:\/\/api.w.org\/{rel}","templated":true}]}}