{"id":38494,"date":"2025-08-29T22:30:26","date_gmt":"2025-08-29T20:30:26","guid":{"rendered":"https:\/\/projekat-pogrebnobandic.dugl.net\/pogrebne-storitve\/"},"modified":"2026-02-08T16:02:11","modified_gmt":"2026-02-08T14:02:11","slug":"pogrebne-storitve","status":"publish","type":"page","link":"https:\/\/pogrebnobandic.com\/sl\/pogrebne-storitve\/","title":{"rendered":"Pogrebne storitve"},"content":{"rendered":"<p>[et_pb_section fb_built=&#8221;1&#8243; _builder_version=&#8221;4.24.0&#8243; _module_preset=&#8221;default&#8221; custom_margin=&#8221;||||false|false&#8221; custom_margin_tablet=&#8221;-30px||||false|false&#8221; custom_margin_phone=&#8221;-30px||||false|false&#8221; custom_margin_last_edited=&#8221;on|phone&#8221; custom_padding=&#8221;9px||5px|||&#8221; saved_tabs=&#8221;all&#8221; global_colors_info=&#8221;{}&#8221;][et_pb_row _builder_version=&#8221;4.21.0&#8243; max_width=&#8221;1274px&#8221; global_colors_info=&#8221;{}&#8221;][et_pb_column type=&#8221;4_4&#8243; _builder_version=&#8221;4.21.0&#8243; global_colors_info=&#8221;{}&#8221;][et_pb_text _builder_version=&#8221;4.27.4&#8243; text_text_color=&#8221;#000000&#8243; header_text_color=&#8221;#000000&#8243; header_2_text_color=&#8221;#000000&#8243; header_2_font_size=&#8221;28px&#8221; header_3_font=&#8221;Montserrat||||||||&#8221; header_3_text_color=&#8221;#FFFFFF&#8221; header_3_font_size=&#8221;34px&#8221; header_4_text_color=&#8221;#FFFFFF&#8221; link_option_url=&#8221;https:\/\/pogrebnobandic.com\/proizvodnja-usluge-masinska-obrada-metala\/&#8221; header_font_size_tablet=&#8221;26px&#8221; header_font_size_phone=&#8221;26px&#8221; header_font_size_last_edited=&#8221;on|phone&#8221; header_3_font_size_tablet=&#8221;28px&#8221; header_3_font_size_phone=&#8221;22px&#8221; header_3_font_size_last_edited=&#8221;on|phone&#8221; global_colors_info=&#8221;{}&#8221;]<\/p>\n<h1 style=\"text-align: center;\">Pogrebne storitve<\/h1>\n<p>[\/et_pb_text][\/et_pb_column][\/et_pb_row][et_pb_row column_structure=&#8221;1_3,1_3,1_3&#8243; use_custom_gutter=&#8221;on&#8221; gutter_width=&#8221;2&#8243; _builder_version=&#8221;4.24.0&#8243; _module_preset=&#8221;default&#8221; max_width=&#8221;1440px&#8221; global_colors_info=&#8221;{}&#8221;][et_pb_column type=&#8221;1_3&#8243; _builder_version=&#8221;4.21.0&#8243; _module_preset=&#8221;default&#8221; global_colors_info=&#8221;{}&#8221;][et_pb_blurb title=&#8221;Prevoz pokojnika&#8221; image=&#8221;https:\/\/pogrebnobandic.com\/wp-content\/uploads\/2025\/08\/Medunarodni-prijevoz-pokojnika.jpg&#8221; alt=&#8221;Mednarodni prevoz pokojnika&#8221; _builder_version=&#8221;4.27.5&#8243; _dynamic_attributes=&#8221;link_option_url&#8221; _module_preset=&#8221;default&#8221; header_text_align=&#8221;center&#8221; header_font_size=&#8221;20px&#8221; link_option_url=&#8221;@ET-DC@eyJkeW5hbWljIjp0cnVlLCJjb250ZW50IjoicG9zdF9saW5rX3VybF9wYWdlIiwic2V0dGluZ3MiOnsicG9zdF9pZCI6IjM3NDc0IiwiZW5hYmxlX2h0bWwiOiJvZmYifX0=@&#8221; hover_enabled=&#8221;0&#8243; global_colors_info=&#8221;{}&#8221; sticky_enabled=&#8221;0&#8243;]<\/p>\n<p><span>Pogrebno Bandi\u0107 | international Bestattung Bandic nudi mednarodni in doma\u010di prevoz pokojnikov s popolno profesionalno podporo in diskretnostjo. Na\u0161e poslanstvo je zagotoviti dostojanstven in varen prevoz, hkrati pa dru\u017eini pokojnika \u010dim bolj olaj\u0161ati administrativne postopke&#8230; <\/span><\/p>\n<p>[\/et_pb_blurb][\/et_pb_column][et_pb_column type=&#8221;1_3&#8243; _builder_version=&#8221;4.24.0&#8243; _module_preset=&#8221;default&#8221; global_colors_info=&#8221;{}&#8221;][et_pb_blurb title=&#8221;Administracija&#8221; image=&#8221;https:\/\/pogrebnobandic.com\/wp-content\/uploads\/2025\/08\/Administracija-Pogrebno-Bandic.jpg&#8221; alt=&#8221;Model_GD 2&#8243; _builder_version=&#8221;4.27.5&#8243; _dynamic_attributes=&#8221;link_option_url&#8221; _module_preset=&#8221;default&#8221; header_text_align=&#8221;center&#8221; header_font_size=&#8221;20px&#8221; background_color=&#8221;rgba(232,232,232,0.21)&#8221; link_option_url=&#8221;@ET-DC@eyJkeW5hbWljIjp0cnVlLCJjb250ZW50IjoicG9zdF9saW5rX3VybF9wYWdlIiwic2V0dGluZ3MiOnsicG9zdF9pZCI6IjM3NDcyIiwiZW5hYmxlX2h0bWwiOiJvZmYifX0=@&#8221; hover_enabled=&#8221;0&#8243; global_colors_info=&#8221;{}&#8221; sticky_enabled=&#8221;0&#8243;]<\/p>\n<p><span>Organizacija prevoza in pokopa pokojnika zahteva ne le logistiko, temve\u010d tudi vrsto administrativnih postopkov, ki so lahko v te\u017ekih \u010dasih dodatno breme za dru\u017eino. <strong>Pogrebno Bandi\u0107 | mednarodno polaganje evidenc Bandi\u0107<\/strong><\/span> <span>poskrbi za vse administrativne korake &#8230;<\/span><\/p>\n<p>[\/et_pb_blurb][\/et_pb_column][et_pb_column type=&#8221;1_3&#8243; _builder_version=&#8221;4.24.0&#8243; _module_preset=&#8221;default&#8221; global_colors_info=&#8221;{}&#8221;][et_pb_blurb title=&#8221;Organizacija pogreba&#8221; image=&#8221;https:\/\/pogrebnobandic.com\/wp-content\/uploads\/2025\/08\/Organiziranje-sprovoda-Pogrebno-Bandic.jpg&#8221; alt=&#8221;Premium linija&#8221; _builder_version=&#8221;4.27.4&#8243; _dynamic_attributes=&#8221;link_option_url&#8221; _module_preset=&#8221;default&#8221; header_text_align=&#8221;center&#8221; header_font_size=&#8221;20px&#8221; background_color=&#8221;rgba(232,232,232,0.21)&#8221; link_option_url=&#8221;@ET-DC@eyJkeW5hbWljIjp0cnVlLCJjb250ZW50IjoicG9zdF9saW5rX3VybF9wYWdlIiwic2V0dGluZ3MiOnsicG9zdF9pZCI6IjM3NTk4IiwiZW5hYmxlX2h0bWwiOiJvZmYifX0=@&#8221; global_colors_info=&#8221;{}&#8221;]<\/p>\n<p data-start=\"710\" data-end=\"954\" class=\"\"><span>Izguba ljubljene osebe prina\u0161a te\u017eko in \u010dustveno obdobje v \u017eivljenju. V takih trenutkih se dru\u017eina soo\u010da s \u0161tevilnimi organizacijskimi in administrativnimi obveznostmi. Na\u0161e podjetje ponuja    <\/span><strong data-start=\"422\" data-end=\"449\">celovite pogrebne storitve<\/strong> <span>in<\/span> <strong data-start=\"452\" data-end=\"478\">pogrebna organizacija<\/strong> <span>z maksimalno podporo, diskretnostjo in profesionalnostjo.<\/span><\/p>\n<p>[\/et_pb_blurb][\/et_pb_column][\/et_pb_row][\/et_pb_section][et_pb_section fb_built=&#8221;1&#8243; _builder_version=&#8221;4.27.4&#8243; _module_preset=&#8221;default&#8221; background_color=&#8221;#f5f2e7&#8243; custom_margin=&#8221;||||false|false&#8221; custom_padding=&#8221;13px||13px||false|false&#8221; saved_tabs=&#8221;all&#8221; global_colors_info=&#8221;{}&#8221;][et_pb_row _builder_version=&#8221;4.27.4&#8243; _module_preset=&#8221;default&#8221; width=&#8221;100%&#8221; max_width=&#8221;1330px&#8221; global_colors_info=&#8221;{}&#8221;][et_pb_column type=&#8221;4_4&#8243; _builder_version=&#8221;4.22.2&#8243; _module_preset=&#8221;default&#8221; global_colors_info=&#8221;{}&#8221;][et_pb_cta title=&#8221;Spo\u0161tovanje \u017eivljenja, dostojanstvo ob smrti.&#8221; button_url=&#8221;@ET-DC@eyJkeW5hbWljIjp0cnVlLCJjb250ZW50IjoicG9zdF9saW5rX3VybF9wYWdlIiwic2V0dGluZ3MiOnsicG9zdF9pZCI6IjM3NDMxIiwiZW5hYmxlX2h0bWwiOiJvZmYifX0=@&#8221; button_text=&#8221;Kontaktirajte nas  &#8221; _builder_version=&#8221;4.27.4&#8243; _dynamic_attributes=&#8221;button_url&#8221; _module_preset=&#8221;default&#8221; header_text_color=&#8221;#000000&#8243; header_font_size=&#8221;24px&#8221; body_text_align=&#8221;left&#8221; body_text_color=&#8221;#000000&#8243; background_color=&#8221;RGBA(255,255,255,0)&#8221; background_layout=&#8221;light&#8221; width=&#8221;100%&#8221; header_font_size_tablet=&#8221;&#8221; header_font_size_phone=&#8221;21px&#8221; header_font_size_last_edited=&#8221;on|phone&#8221; body_font_size_tablet=&#8221;&#8221; body_font_size_phone=&#8221;15px&#8221; body_font_size_last_edited=&#8221;on|phone&#8221; text_orientation_tablet=&#8221;center&#8221; text_orientation_phone=&#8221;center&#8221; text_orientation_last_edited=&#8221;on|phone&#8221; global_colors_info=&#8221;{}&#8221; button_bg_color__hover_enabled=&#8221;on|hover&#8221; button_bg_color__hover=&#8221;&#8221; button_bg_enable_color__hover=&#8221;off&#8221; button_text_color__hover_enabled=&#8221;on|hover&#8221; button_text_color__hover=&#8221;#000000&#8243; button_border_color__hover_enabled=&#8221;on|hover&#8221; button_border_color__hover=&#8221;rgba(0,0,0,0.36)&#8221;]<\/p>\n<p>Nudimo celovite pogrebne storitve \u2013 od organizacije pogreba in ureditve celotne administracije do <strong>mednarodnega prevoza pokojnika<\/strong> \u2013 s skrbnostjo, dostojanstvom in podporo dru\u017eini v najte\u017ejih trenutkih.<\/p>\n<p>[\/et_pb_cta][\/et_pb_column][\/et_pb_row][\/et_pb_section]<\/p>\n","protected":false},"excerpt":{"rendered":"<p>Pogrebne storitvePogrebno Bandi\u0107 | international Bestattung Bandic nudi mednarodni in doma\u010di prevoz pokojnikov s popolno profesionalno podporo in diskretnostjo. Na\u0161e poslanstvo je zagotoviti dostojanstven in varen prevoz, hkrati pa dru\u017eini pokojnika \u010dim bolj olaj\u0161ati administrativne postopke&#8230; Organizacija prevoza in pokopa pokojnika zahteva ne le logistiko, temve\u010d tudi vrsto administrativnih postopkov, ki so lahko v te\u017ekih [&hellip;]<\/p>\n","protected":false},"author":6,"featured_media":0,"parent":0,"menu_order":0,"comment_status":"closed","ping_status":"closed","template":"","meta":{"_et_pb_use_builder":"on","_et_pb_old_content":"","_et_gb_content_width":"","footnotes":""},"class_list":["post-38494","page","type-page","status-publish","hentry"],"_links":{"self":[{"href":"https:\/\/pogrebnobandic.com\/sl\/wp-json\/wp\/v2\/pages\/38494","targetHints":{"allow":["GET"]}}],"collection":[{"href":"https:\/\/pogrebnobandic.com\/sl\/wp-json\/wp\/v2\/pages"}],"about":[{"href":"https:\/\/pogrebnobandic.com\/sl\/wp-json\/wp\/v2\/types\/page"}],"author":[{"embeddable":true,"href":"https:\/\/pogrebnobandic.com\/sl\/wp-json\/wp\/v2\/users\/6"}],"replies":[{"embeddable":true,"href":"https:\/\/pogrebnobandic.com\/sl\/wp-json\/wp\/v2\/comments?post=38494"}],"version-history":[{"count":7,"href":"https:\/\/pogrebnobandic.com\/sl\/wp-json\/wp\/v2\/pages\/38494\/revisions"}],"predecessor-version":[{"id":39560,"href":"https:\/\/pogrebnobandic.com\/sl\/wp-json\/wp\/v2\/pages\/38494\/revisions\/39560"}],"wp:attachment":[{"href":"https:\/\/pogrebnobandic.com\/sl\/wp-json\/wp\/v2\/media?parent=38494"}],"curies":[{"name":"wp","href":"https:\/\/api.w.org\/{rel}","templated":true}]}}