{"id":38484,"date":"2025-08-30T07:57:16","date_gmt":"2025-08-30T05:57:16","guid":{"rendered":"https:\/\/projekat-pogrebnobandic.dugl.net\/organizacija-pogreba\/"},"modified":"2026-04-21T20:14:02","modified_gmt":"2026-04-21T18:14:02","slug":"organizacija-pogreba","status":"publish","type":"page","link":"https:\/\/pogrebnobandic.com\/sl\/organizacija-pogreba\/","title":{"rendered":"Organizacija pogreba"},"content":{"rendered":"<p>[et_pb_section fb_built=&#8221;1&#8243; fullwidth=&#8221;on&#8221; _builder_version=&#8221;4.27.0&#8243; _module_preset=&#8221;default&#8221; global_colors_info=&#8221;{}&#8221;][et_pb_fullwidth_slider _builder_version=&#8221;4.27.6&#8243; _module_preset=&#8221;default&#8221; header_level=&#8221;h1&#8243; header_text_color=&#8221;#FFFFFF&#8221; header_font_size=&#8221;48px&#8221; body_font_size=&#8221;33px&#8221; height=&#8221;450px&#8221; height_tablet=&#8221;280px&#8221; height_phone=&#8221;280px&#8221; height_last_edited=&#8221;on|tablet&#8221; custom_padding=&#8221;||||false|false&#8221; hover_enabled=&#8221;0&#8243; global_colors_info=&#8221;{}&#8221; sticky_enabled=&#8221;0&#8243;][et_pb_slide heading=&#8221;Organizacija pogreba&#8221; button_link=&#8221;tel:+38765649326&#8243; use_bg_overlay=&#8221;off&#8221; _builder_version=&#8221;4.27.6&#8243; _module_preset=&#8221;default&#8221; header_level=&#8221;h1&#8243; header_font=&#8221;|300|||||||&#8221; body_font_size=&#8221;40px&#8221; background_color=&#8221;rgba(19,32,51,0.25)&#8221; background_enable_color=&#8221;on&#8221; background_image=&#8221;https:\/\/pogrebnobandic.com\/wp-content\/uploads\/2026\/04\/Organiziranje-sprovoda-sahrana-Pogrebno-Bandic.jpg&#8221; background_enable_image=&#8221;on&#8221; background_blend=&#8221;screen&#8221; background_layout=&#8221;light&#8221; hover_enabled=&#8221;0&#8243; header_font_last_edited=&#8221;off|tablet&#8221; header_font_size_tablet=&#8221;30px&#8221; header_font_size_phone=&#8221;30px&#8221; header_font_size_last_edited=&#8221;on|tablet&#8221; global_colors_info=&#8221;{}&#8221; sticky_transition=&#8221;on&#8221; sticky_enabled=&#8221;0&#8243; title_text=&#8221;Organiziranje sprovoda &#8211; sahrana Pogrebno Bandi\u0107&#8221;][\/et_pb_slide][\/et_pb_fullwidth_slider][\/et_pb_section][et_pb_section fb_built=&#8221;1&#8243; admin_label=&#8221;About Us&#8221; _builder_version=&#8221;4.24.0&#8243; custom_padding=&#8221;15px|0px|0|0px|false|false&#8221; global_colors_info=&#8221;{}&#8221;][et_pb_row _builder_version=&#8221;4.23.1&#8243; max_width=&#8221;1230px&#8221; global_colors_info=&#8221;{}&#8221;][et_pb_column type=&#8221;4_4&#8243; _builder_version=&#8221;4.23.1&#8243; custom_padding=&#8221;|||&#8221; global_colors_info=&#8221;{}&#8221; custom_padding__hover=&#8221;|||&#8221;][et_pb_text _builder_version=&#8221;4.27.4&#8243; text_font=&#8221;||||||||&#8221; text_font_size=&#8221;15px&#8221; text_line_height=&#8221;2em&#8221; ul_font=&#8221;|700|||||||&#8221; ul_line_height=&#8221;2em&#8221; ol_font=&#8221;||||||||&#8221; header_font=&#8221;||||||||&#8221; header_2_font=&#8221;|700|||||||&#8221; header_2_font_size=&#8221;24px&#8221; header_2_line_height=&#8221;1.4em&#8221; header_3_font=&#8221;||||||||&#8221; header_4_font=&#8221;||||||||&#8221; header_5_font=&#8221;|600|||||||&#8221; header_5_font_size=&#8221;23px&#8221; header_6_font=&#8221;||||||||&#8221; header_2_font_size_tablet=&#8221;&#8221; header_2_font_size_phone=&#8221;24px&#8221; header_2_font_size_last_edited=&#8221;on|phone&#8221; global_colors_info=&#8221;{}&#8221;]<\/p>\n<h2 data-start=\"190\" data-end=\"248\">Pogrebne storitve &#8211; Pogrebne storitve z zaupanjem<\/h2>\n<p data-start=\"250\" data-end=\"533\">Izguba ljubljene osebe prina\u0161a te\u017eko in \u010dustveno obdobje v \u017eivljenju. V takih trenutkih se dru\u017eina soo\u010da s \u0161tevilnimi organizacijskimi in administrativnimi obveznostmi. Na\u0161e podjetje ponuja <strong data-start=\"422\" data-end=\"449\">celovite pogrebne storitve<\/strong> in <strong data-start=\"452\" data-end=\"478\">pogrebne aran\u017emaje<\/strong> z maksimalno podporo, diskretnostjo in profesionalnostjo.  <\/p>\n<h2 data-start=\"540\" data-end=\"575\">Na\u0161e pogrebne storitve vklju\u010dujejo<\/h2>\n<h3 data-start=\"577\" data-end=\"617\">\u2705 Prevzem in prevoz pokojnika<\/h3>\n<ul data-start=\"618\" data-end=\"792\">\n<li data-start=\"618\" data-end=\"716\">\n<p data-start=\"620\" data-end=\"716\">Organizacija dostojanstvenega prevoza pokojnika na ozemlju <strong data-start=\"683\" data-end=\"713\">Bosne in Hercegovine, Hrva\u0161ke, Srbije in EU<\/strong> .<\/p>\n<\/li>\n<li data-start=\"717\" data-end=\"792\">\n<p data-start=\"719\" data-end=\"792\">Varna in sodobna pogrebna vozila, prilagojena mednarodnim standardom.<\/p>\n<\/li>\n<\/ul>\n<h3 data-start=\"794\" data-end=\"832\">\u2705 Administracija in dokumentacija<\/h3>\n<ul data-start=\"833\" data-end=\"1022\">\n<li data-start=\"833\" data-end=\"888\">\n<p data-start=\"835\" data-end=\"888\">Pridobitev vseh dovoljenj in potrebne dokumentacije.<\/p>\n<\/li>\n<li data-start=\"889\" data-end=\"961\">\n<p data-start=\"891\" data-end=\"961\">Urejanje dokumentov za mednarodni prevoz pokojnika in repatriacijo.<\/p>\n<\/li>\n<li data-start=\"962\" data-end=\"1022\">\n<p data-start=\"964\" data-end=\"1022\">Pomagati dru\u017einam pri komunikaciji z ustreznimi institucijami.<\/p>\n<\/li>\n<\/ul>\n<h3 data-start=\"1024\" data-end=\"1058\">\u2705 Pogrebna oprema in priprava<\/h3>\n<ul data-start=\"1059\" data-end=\"1251\">\n<li data-start=\"1059\" data-end=\"1136\">\n<p data-start=\"1061\" data-end=\"1136\">Krste, prti, kri\u017ei in cvetli\u010dni aran\u017emaji (venci, \u0161opki, ikebane).<\/p>\n<\/li>\n<li data-start=\"1137\" data-end=\"1176\">\n<p data-start=\"1139\" data-end=\"1176\">Sanitarna obdelava in priprava telesa.<\/p>\n<\/li>\n<li data-start=\"1177\" data-end=\"1251\">\n<p data-start=\"1179\" data-end=\"1251\">Organizacija glasbene spremljave, fotografov ali drugih posebnih zahtev.<\/p>\n<\/li>\n<\/ul>\n<h3 data-start=\"1253\" data-end=\"1289\">\u2705 Organizacija same slovesnosti<\/h3>\n<ul data-start=\"1290\" data-end=\"1477\">\n<li data-start=\"1290\" data-end=\"1347\">\n<p data-start=\"1292\" data-end=\"1347\">Na\u010drtovanje in izvedba pogrebov po \u017eeljah dru\u017eine.<\/p>\n<\/li>\n<li data-start=\"1348\" data-end=\"1408\">\n<p data-start=\"1350\" data-end=\"1408\">Prilagajanje <strong data-start=\"1361\" data-end=\"1405\">verskim, kulturnim in lokalnim obi\u010dajem<\/strong> .<\/p>\n<\/li>\n<li data-start=\"1409\" data-end=\"1477\">\n<p data-start=\"1411\" data-end=\"1477\">Diskretna in empati\u010dna podpora osebja skozi celotno slovesnost.<\/p>\n<\/li>\n<\/ul>\n<h2 data-start=\"1484\" data-end=\"1508\">Zakaj izbrati nas?<\/h2>\n<ul data-start=\"1510\" data-end=\"1889\">\n<li data-start=\"1510\" data-end=\"1625\">\n<p data-start=\"1512\" data-end=\"1625\"><strong data-start=\"1512\" data-end=\"1542\">Izku\u0161nje in profesionalnost<\/strong> &#8211; dolgoletne izku\u0161nje na podro\u010dju pogrebnih storitev in mednarodnega prevoza pokojnikov.<\/p>\n<\/li>\n<li data-start=\"1626\" data-end=\"1696\">\n<p data-start=\"1628\" data-end=\"1696\"><strong data-start=\"1628\" data-end=\"1645\">Na voljo 24 ur na dan, 7 dni v tednu<\/strong> \u2013 vedno smo vam na voljo.<\/p>\n<\/li>\n<li data-start=\"1697\" data-end=\"1766\">\n<p data-start=\"1699\" data-end=\"1766\"><strong data-start=\"1699\" data-end=\"1723\">Transparentno oblikovanje cen<\/strong> \u2013 jasni stro\u0161ki, brez skritih stro\u0161kov.<\/p>\n<\/li>\n<li data-start=\"1767\" data-end=\"1889\">\n<p data-start=\"1769\" data-end=\"1889\"><strong data-start=\"1769\" data-end=\"1792\">Hitrost in zanesljivost<\/strong> &#8211; zahvaljujo\u010d na\u0161im bazam in partnerski mre\u017ei organiziramo pogreb v najkraj\u0161em mo\u017enem \u010dasu.<\/p>\n<\/li>\n<li data-start=\"1935\" data-end=\"1990\">\n<p data-start=\"1937\" data-end=\"1990\"><strong data-start=\"1937\" data-end=\"1988\">Pogrebna organizacija Bosna in Hercegovina, Hrva\u0161ka, Srbija, EU<\/strong><\/p>\n<\/li>\n<li data-start=\"1991\" data-end=\"2029\">\n<p data-start=\"1993\" data-end=\"2029\"><strong data-start=\"1993\" data-end=\"2027\">Mednarodni prevoz pokojnika<\/strong><\/p>\n<\/li>\n<li data-start=\"2059\" data-end=\"2108\">\n<p data-start=\"2061\" data-end=\"2108\"><strong data-start=\"2061\" data-end=\"2106\">Pogrebna administracija in dokumentacija<\/strong><\/p>\n<\/li>\n<li data-start=\"2109\" data-end=\"2160\">\n<p data-start=\"2111\" data-end=\"2160\"><strong data-start=\"2111\" data-end=\"2158\">Cvetli\u010dni aran\u017emaji, krste, pogrebna oprema<\/strong><\/p>\n<\/li>\n<\/ul>\n<p data-start=\"2167\" data-end=\"2321\">\ud83d\udcde <strong data-start=\"2170\" data-end=\"2197\">Kontaktirajte nas zdaj<\/strong> in prepustite nam, da spo\u0161tljivo in skrbno organiziramo vse potrebne korake za dostojanstven sloves va\u0161ih najdra\u017ejih.<\/p>\n<p>[\/et_pb_text][\/et_pb_column][\/et_pb_row][\/et_pb_section]<\/p>\n","protected":false},"excerpt":{"rendered":"<p>Pogrebne storitve &#8211; Pogrebne storitve z zaupanjem Izguba ljubljene osebe prina\u0161a te\u017eko in \u010dustveno obdobje v \u017eivljenju. V takih trenutkih se dru\u017eina soo\u010da s \u0161tevilnimi organizacijskimi in administrativnimi obveznostmi. Na\u0161e podjetje ponuja celovite pogrebne storitve in pogrebne aran\u017emaje z maksimalno podporo, diskretnostjo in profesionalnostjo. Na\u0161e pogrebne storitve vklju\u010dujejo \u2705 Prevzem in prevoz pokojnika Organizacija dostojanstvenega [&hellip;]<\/p>\n","protected":false},"author":6,"featured_media":0,"parent":0,"menu_order":0,"comment_status":"closed","ping_status":"closed","template":"","meta":{"_et_pb_use_builder":"on","_et_pb_old_content":"","_et_gb_content_width":"","footnotes":""},"class_list":["post-38484","page","type-page","status-publish","hentry"],"_links":{"self":[{"href":"https:\/\/pogrebnobandic.com\/sl\/wp-json\/wp\/v2\/pages\/38484","targetHints":{"allow":["GET"]}}],"collection":[{"href":"https:\/\/pogrebnobandic.com\/sl\/wp-json\/wp\/v2\/pages"}],"about":[{"href":"https:\/\/pogrebnobandic.com\/sl\/wp-json\/wp\/v2\/types\/page"}],"author":[{"embeddable":true,"href":"https:\/\/pogrebnobandic.com\/sl\/wp-json\/wp\/v2\/users\/6"}],"replies":[{"embeddable":true,"href":"https:\/\/pogrebnobandic.com\/sl\/wp-json\/wp\/v2\/comments?post=38484"}],"version-history":[{"count":4,"href":"https:\/\/pogrebnobandic.com\/sl\/wp-json\/wp\/v2\/pages\/38484\/revisions"}],"predecessor-version":[{"id":39918,"href":"https:\/\/pogrebnobandic.com\/sl\/wp-json\/wp\/v2\/pages\/38484\/revisions\/39918"}],"wp:attachment":[{"href":"https:\/\/pogrebnobandic.com\/sl\/wp-json\/wp\/v2\/media?parent=38484"}],"curies":[{"name":"wp","href":"https:\/\/api.w.org\/{rel}","templated":true}]}}